{"id":18545,"date":"2020-05-07T05:49:21","date_gmt":"2020-05-07T04:49:21","guid":{"rendered":"https:\/\/miniz.es\/producto\/kyosho-miniz-overland-sports-rtr-hummer-h2-rosa\/"},"modified":"2023-04-10T17:48:34","modified_gmt":"2023-04-10T16:48:34","slug":"kyosho-miniz-overland-sports-rtr-hummer-h2-rosa","status":"publish","type":"product","link":"https:\/\/www.technicalrp.es\/de\/produkt\/kyosho-miniz-overland-sports-rtr-hummer-h2-rosa\/","title":{"rendered":"Kyosho MiniZ Overland Sports RTR Hummer H2 Rosa"},"content":{"rendered":"<p style=\"text-align: justify\">\nConjunto Ready To Run (listo para utlizar), formado por un chasis Kyosho Mini-Z Overland Sports, una carrocer\u00eda Mini-Z Overland, en este caso del espectacular <strong>Hummer H2 en color rosa<\/strong>, y una emisora KT-19 en 2.4GHZ FHS (No compatible con la gama Mini-Z 2.4ghz ASF Standard).<\/p>\n<p>El producto Mini-Z Overland Sports est\u00e1 orientado a aquellos aficionados que quieren entrar en el mundo del Mini-Z con un producto actual, de calidad, pero de la forma m\u00e1s econ\u00f3mica posible.<\/p>\n<p style=\"text-align: justify\">El chasis del Mini-Z Overland Sports es completamente compatible con todas las carrocer\u00edas v\u00e1lidas para los Mini-Z Overland.<\/p>\n<p style=\"text-align: justify\">Adem\u00e1s, podemos opcionar el chasis con todas las piezas disponibles para los chasis Overland standar. Rodamientos, tuercas de rueda, diferenciales, soportes de amortiguadores, bancadas de motor, torniller\u00eda, suspensiones, llantas, neum\u00e1ticos, etc.<\/p>\n<p style=\"text-align: justify\">La electr\u00f3nica del Mini-Z Overland Sports es diferente a la de los modelos Mini-Z Overland standar, por lo que no son compatibles con las emisoras en sistema ASF v\u00e1lidas solo para la gama Mini-Z standar (emisora KT-18 o las ASF de KO Propo).<\/p>\n<p style=\"text-align: justify\">Adem\u00e1s, a la electr\u00f3nica de este modelo Overland Sports, se le puede conectar un Gir\u00f3scopo (opcional) para que nos ayude a controlar la tracci\u00f3n del coche, sobretodo en superf\u00edcies muy deslizantes.<\/p>\n<p style=\"text-align: justify\">La emisora KT-19 incluida en este kit RTR, dispone de 3 canales, y a excepci\u00f3n de la Mini-Z Moto Racer, no puede utilizarse en los veh\u00edculos de la serie Mini-Z que utilizan el sistema ASF.<\/p>\n<p style=\"text-align: justify\">Para poner en marcha este veh\u00edculo, necesitar\u00e9is 4x AAA bater\u00edas para la emisora KT19, y 4x AAA bater\u00edas para el chasis  Overland Sports.<\/p>\n<p style=\"text-align: justify\">Nosotros recomendamos utilizar bater\u00edas Racing Power RP900\/ RP1000\/RP747.<\/p>","protected":false},"excerpt":{"rendered":"<p>Kyosho MiniZ Overland Sports RTR Hummer H2 Rosa               <\/p>","protected":false},"featured_media":42194,"comment_status":"open","ping_status":"closed","template":"","meta":{"site-sidebar-layout":"default","site-content-layout":"","ast-site-content-layout":"default","site-content-style":"default","site-sidebar-style":"default","ast-global-header-display":"","ast-banner-title-visibility":"","ast-main-header-display":"","ast-hfb-above-header-display":"","ast-hfb-below-header-display":"","ast-hfb-mobile-header-display":"","site-post-title":"","ast-breadcrumbs-content":"","ast-featured-img":"","footer-sml-layout":"","ast-disable-related-posts":"","theme-transparent-header-meta":"","adv-header-id-meta":"","stick-header-meta":"","header-above-stick-meta":"","header-main-stick-meta":"","header-below-stick-meta":"","astra-migrate-meta-layouts":"default","ast-page-background-enabled":"default","ast-page-background-meta":{"desktop":{"background-color":"","background-image":"","background-repeat":"repeat","background-position":"center center","background-size":"auto","background-attachment":"scroll","background-type":"","background-media":"","overlay-type":"","overlay-color":"","overlay-opacity":"","overlay-gradient":""},"tablet":{"background-color":"","background-image":"","background-repeat":"repeat","background-position":"center center","background-size":"auto","background-attachment":"scroll","background-type":"","background-media":"","overlay-type":"","overlay-color":"","overlay-opacity":"","overlay-gradient":""},"mobile":{"background-color":"","background-image":"","background-repeat":"repeat","background-position":"center center","background-size":"auto","background-attachment":"scroll","background-type":"","background-media":"","overlay-type":"","overlay-color":"","overlay-opacity":"","overlay-gradient":""}},"ast-content-background-meta":{"desktop":{"background-color":"var(--ast-global-color-5)","background-image":"","background-repeat":"repeat","background-position":"center center","background-size":"auto","background-attachment":"scroll","background-type":"","background-media":"","overlay-type":"","overlay-color":"","overlay-opacity":"","overlay-gradient":""},"tablet":{"background-color":"var(--ast-global-color-5)","background-image":"","background-repeat":"repeat","background-position":"center center","background-size":"auto","background-attachment":"scroll","background-type":"","background-media":"","overlay-type":"","overlay-color":"","overlay-opacity":"","overlay-gradient":""},"mobile":{"background-color":"var(--ast-global-color-5)","background-image":"","background-repeat":"repeat","background-position":"center center","background-size":"auto","background-attachment":"scroll","background-type":"","background-media":"","overlay-type":"","overlay-color":"","overlay-opacity":"","overlay-gradient":""}},"_joinchat":[]},"product_brand":[],"product_cat":[348],"product_tag":[],"class_list":{"0":"post-18545","1":"product","2":"type-product","3":"status-publish","4":"has-post-thumbnail","6":"product_cat-miniz-ready-sets-overland","7":"desktop-align-left","8":"tablet-align-left","9":"mobile-align-left","11":"first","12":"outofstock","13":"taxable","14":"shipping-taxable","15":"purchasable","16":"product-type-simple"},"yoast_head":"<!-- This site is optimized with the Yoast SEO plugin v27.2 - https:\/\/yoast.com\/product\/yoast-seo-wordpress\/ -->\n<title>Kyosho MiniZ Overland Sports RTR Hummer H2 Rosa - Technical Racing Products<\/title>\n<meta name=\"robots\" content=\"index, follow, max-snippet:-1, max-image-preview:large, max-video-preview:-1\" \/>\n<link rel=\"canonical\" href=\"https:\/\/www.technicalrp.es\/de\/produkt\/kyosho-miniz-overland-sports-rtr-hummer-h2-rosa\/\" \/>\n<meta property=\"og:locale\" content=\"de_DE\" \/>\n<meta property=\"og:type\" content=\"article\" \/>\n<meta property=\"og:title\" content=\"Kyosho MiniZ Overland Sports RTR Hummer H2 Rosa - Technical Racing Products\" \/>\n<meta property=\"og:description\" content=\"Kyosho MiniZ Overland Sports RTR Hummer H2 Rosa\" \/>\n<meta property=\"og:url\" content=\"https:\/\/www.technicalrp.es\/de\/produkt\/kyosho-miniz-overland-sports-rtr-hummer-h2-rosa\/\" \/>\n<meta property=\"og:site_name\" content=\"Technical Racing Products\" \/>\n<meta property=\"article:modified_time\" content=\"2023-04-10T16:48:34+00:00\" \/>\n<meta property=\"og:image\" content=\"https:\/\/www.technicalrp.es\/wp-content\/uploads\/2020\/12\/4548565269846-3.jpg\" \/>\n\t<meta property=\"og:image:width\" content=\"600\" \/>\n\t<meta property=\"og:image:height\" content=\"450\" \/>\n\t<meta property=\"og:image:type\" content=\"image\/jpeg\" \/>\n<meta name=\"twitter:card\" content=\"summary_large_image\" \/>\n<meta name=\"twitter:label1\" content=\"Gesch\u00e4tzte Lesezeit\" \/>\n\t<meta name=\"twitter:data1\" content=\"1\u00a0Minute\" \/>\n<script type=\"application\/ld+json\" class=\"yoast-schema-graph\">{\"@context\":\"https:\/\/schema.org\",\"@graph\":[{\"@type\":\"WebPage\",\"@id\":\"https:\/\/www.technicalrp.es\/producto\/kyosho-miniz-overland-sports-rtr-hummer-h2-rosa\/\",\"url\":\"https:\/\/www.technicalrp.es\/producto\/kyosho-miniz-overland-sports-rtr-hummer-h2-rosa\/\",\"name\":\"Kyosho MiniZ Overland Sports RTR Hummer H2 Rosa - Technical Racing Products\",\"isPartOf\":{\"@id\":\"https:\/\/www.technicalrp.es\/de\/#website\"},\"primaryImageOfPage\":{\"@id\":\"https:\/\/www.technicalrp.es\/producto\/kyosho-miniz-overland-sports-rtr-hummer-h2-rosa\/#primaryimage\"},\"image\":{\"@id\":\"https:\/\/www.technicalrp.es\/producto\/kyosho-miniz-overland-sports-rtr-hummer-h2-rosa\/#primaryimage\"},\"thumbnailUrl\":\"https:\/\/www.technicalrp.es\/wp-content\/uploads\/2020\/12\/4548565269846-3.jpg\",\"datePublished\":\"2020-05-07T04:49:21+00:00\",\"dateModified\":\"2023-04-10T16:48:34+00:00\",\"breadcrumb\":{\"@id\":\"https:\/\/www.technicalrp.es\/producto\/kyosho-miniz-overland-sports-rtr-hummer-h2-rosa\/#breadcrumb\"},\"inLanguage\":\"de\",\"potentialAction\":[{\"@type\":\"ReadAction\",\"target\":[\"https:\/\/www.technicalrp.es\/producto\/kyosho-miniz-overland-sports-rtr-hummer-h2-rosa\/\"]}]},{\"@type\":\"ImageObject\",\"inLanguage\":\"de\",\"@id\":\"https:\/\/www.technicalrp.es\/producto\/kyosho-miniz-overland-sports-rtr-hummer-h2-rosa\/#primaryimage\",\"url\":\"https:\/\/www.technicalrp.es\/wp-content\/uploads\/2020\/12\/4548565269846-3.jpg\",\"contentUrl\":\"https:\/\/www.technicalrp.es\/wp-content\/uploads\/2020\/12\/4548565269846-3.jpg\",\"width\":600,\"height\":450,\"caption\":\"Kyosho MiniZ Overland Sports RTR Hummer H2 Rosa\"},{\"@type\":\"BreadcrumbList\",\"@id\":\"https:\/\/www.technicalrp.es\/producto\/kyosho-miniz-overland-sports-rtr-hummer-h2-rosa\/#breadcrumb\",\"itemListElement\":[{\"@type\":\"ListItem\",\"position\":1,\"name\":\"Portada\",\"item\":\"https:\/\/www.technicalrp.es\/\"},{\"@type\":\"ListItem\",\"position\":2,\"name\":\"Tienda\",\"item\":\"https:\/\/www.technicalrp.es\/\"},{\"@type\":\"ListItem\",\"position\":3,\"name\":\"Kyosho MiniZ Overland Sports RTR Hummer H2 Rosa\"}]},{\"@type\":\"WebSite\",\"@id\":\"https:\/\/www.technicalrp.es\/de\/#website\",\"url\":\"https:\/\/www.technicalrp.es\/de\/\",\"name\":\"Technical Racing Products\",\"description\":\"Los especialistas del MiniZ\",\"publisher\":{\"@id\":\"https:\/\/www.technicalrp.es\/de\/#organization\"},\"potentialAction\":[{\"@type\":\"SearchAction\",\"target\":{\"@type\":\"EntryPoint\",\"urlTemplate\":\"https:\/\/www.technicalrp.es\/de\/?s={search_term_string}\"},\"query-input\":{\"@type\":\"PropertyValueSpecification\",\"valueRequired\":true,\"valueName\":\"search_term_string\"}}],\"inLanguage\":\"de\"},{\"@type\":\"Organization\",\"@id\":\"https:\/\/www.technicalrp.es\/de\/#organization\",\"name\":\"Technical Racing Products\",\"url\":\"https:\/\/www.technicalrp.es\/de\/\",\"logo\":{\"@type\":\"ImageObject\",\"inLanguage\":\"de\",\"@id\":\"https:\/\/www.technicalrp.es\/de\/#\/schema\/logo\/image\/\",\"url\":\"https:\/\/www.technicalrp.es\/wp-content\/uploads\/2020\/01\/logo-trp.png\",\"contentUrl\":\"https:\/\/www.technicalrp.es\/wp-content\/uploads\/2020\/01\/logo-trp.png\",\"width\":640,\"height\":206,\"caption\":\"Technical Racing Products\"},\"image\":{\"@id\":\"https:\/\/www.technicalrp.es\/de\/#\/schema\/logo\/image\/\"}}]}<\/script>\n<!-- \/ Yoast SEO plugin. -->","yoast_head_json":{"title":"Kyosho MiniZ Overland Sports RTR Hummer H2 Rosa - Technical Racing Products","robots":{"index":"index","follow":"follow","max-snippet":"max-snippet:-1","max-image-preview":"max-image-preview:large","max-video-preview":"max-video-preview:-1"},"canonical":"https:\/\/www.technicalrp.es\/de\/produkt\/kyosho-miniz-overland-sports-rtr-hummer-h2-rosa\/","og_locale":"de_DE","og_type":"article","og_title":"Kyosho MiniZ Overland Sports RTR Hummer H2 Rosa - Technical Racing Products","og_description":"Kyosho MiniZ Overland Sports RTR Hummer H2 Rosa","og_url":"https:\/\/www.technicalrp.es\/de\/produkt\/kyosho-miniz-overland-sports-rtr-hummer-h2-rosa\/","og_site_name":"Technical Racing Products","article_modified_time":"2023-04-10T16:48:34+00:00","og_image":[{"width":600,"height":450,"url":"https:\/\/www.technicalrp.es\/wp-content\/uploads\/2020\/12\/4548565269846-3.jpg","type":"image\/jpeg"}],"twitter_card":"summary_large_image","twitter_misc":{"Gesch\u00e4tzte Lesezeit":"1\u00a0Minute"},"schema":{"@context":"https:\/\/schema.org","@graph":[{"@type":"WebPage","@id":"https:\/\/www.technicalrp.es\/producto\/kyosho-miniz-overland-sports-rtr-hummer-h2-rosa\/","url":"https:\/\/www.technicalrp.es\/producto\/kyosho-miniz-overland-sports-rtr-hummer-h2-rosa\/","name":"Kyosho MiniZ Overland Sports RTR Hummer H2 Rosa - Technical Racing Products","isPartOf":{"@id":"https:\/\/www.technicalrp.es\/de\/#website"},"primaryImageOfPage":{"@id":"https:\/\/www.technicalrp.es\/producto\/kyosho-miniz-overland-sports-rtr-hummer-h2-rosa\/#primaryimage"},"image":{"@id":"https:\/\/www.technicalrp.es\/producto\/kyosho-miniz-overland-sports-rtr-hummer-h2-rosa\/#primaryimage"},"thumbnailUrl":"https:\/\/www.technicalrp.es\/wp-content\/uploads\/2020\/12\/4548565269846-3.jpg","datePublished":"2020-05-07T04:49:21+00:00","dateModified":"2023-04-10T16:48:34+00:00","breadcrumb":{"@id":"https:\/\/www.technicalrp.es\/producto\/kyosho-miniz-overland-sports-rtr-hummer-h2-rosa\/#breadcrumb"},"inLanguage":"de","potentialAction":[{"@type":"ReadAction","target":["https:\/\/www.technicalrp.es\/producto\/kyosho-miniz-overland-sports-rtr-hummer-h2-rosa\/"]}]},{"@type":"ImageObject","inLanguage":"de","@id":"https:\/\/www.technicalrp.es\/producto\/kyosho-miniz-overland-sports-rtr-hummer-h2-rosa\/#primaryimage","url":"https:\/\/www.technicalrp.es\/wp-content\/uploads\/2020\/12\/4548565269846-3.jpg","contentUrl":"https:\/\/www.technicalrp.es\/wp-content\/uploads\/2020\/12\/4548565269846-3.jpg","width":600,"height":450,"caption":"Kyosho MiniZ Overland Sports RTR Hummer H2 Rosa"},{"@type":"BreadcrumbList","@id":"https:\/\/www.technicalrp.es\/producto\/kyosho-miniz-overland-sports-rtr-hummer-h2-rosa\/#breadcrumb","itemListElement":[{"@type":"ListItem","position":1,"name":"Portada","item":"https:\/\/www.technicalrp.es\/"},{"@type":"ListItem","position":2,"name":"Tienda","item":"https:\/\/www.technicalrp.es\/"},{"@type":"ListItem","position":3,"name":"Kyosho MiniZ Overland Sports RTR Hummer H2 Rosa"}]},{"@type":"WebSite","@id":"https:\/\/www.technicalrp.es\/de\/#website","url":"https:\/\/www.technicalrp.es\/de\/","name":"Technical Racing Products","description":"Los especialistas del MiniZ","publisher":{"@id":"https:\/\/www.technicalrp.es\/de\/#organization"},"potentialAction":[{"@type":"SearchAction","target":{"@type":"EntryPoint","urlTemplate":"https:\/\/www.technicalrp.es\/de\/?s={search_term_string}"},"query-input":{"@type":"PropertyValueSpecification","valueRequired":true,"valueName":"search_term_string"}}],"inLanguage":"de"},{"@type":"Organization","@id":"https:\/\/www.technicalrp.es\/de\/#organization","name":"Technical Racing Products","url":"https:\/\/www.technicalrp.es\/de\/","logo":{"@type":"ImageObject","inLanguage":"de","@id":"https:\/\/www.technicalrp.es\/de\/#\/schema\/logo\/image\/","url":"https:\/\/www.technicalrp.es\/wp-content\/uploads\/2020\/01\/logo-trp.png","contentUrl":"https:\/\/www.technicalrp.es\/wp-content\/uploads\/2020\/01\/logo-trp.png","width":640,"height":206,"caption":"Technical Racing Products"},"image":{"@id":"https:\/\/www.technicalrp.es\/de\/#\/schema\/logo\/image\/"}}]}},"_links":{"self":[{"href":"https:\/\/www.technicalrp.es\/de\/wp-json\/wp\/v2\/product\/18545","targetHints":{"allow":["GET"]}}],"collection":[{"href":"https:\/\/www.technicalrp.es\/de\/wp-json\/wp\/v2\/product"}],"about":[{"href":"https:\/\/www.technicalrp.es\/de\/wp-json\/wp\/v2\/types\/product"}],"replies":[{"embeddable":true,"href":"https:\/\/www.technicalrp.es\/de\/wp-json\/wp\/v2\/comments?post=18545"}],"wp:featuredmedia":[{"embeddable":true,"href":"https:\/\/www.technicalrp.es\/de\/wp-json\/wp\/v2\/media\/42194"}],"wp:attachment":[{"href":"https:\/\/www.technicalrp.es\/de\/wp-json\/wp\/v2\/media?parent=18545"}],"wp:term":[{"taxonomy":"product_brand","embeddable":true,"href":"https:\/\/www.technicalrp.es\/de\/wp-json\/wp\/v2\/product_brand?post=18545"},{"taxonomy":"product_cat","embeddable":true,"href":"https:\/\/www.technicalrp.es\/de\/wp-json\/wp\/v2\/product_cat?post=18545"},{"taxonomy":"product_tag","embeddable":true,"href":"https:\/\/www.technicalrp.es\/de\/wp-json\/wp\/v2\/product_tag?post=18545"}],"curies":[{"name":"wp","href":"https:\/\/api.w.org\/{rel}","templated":true}]}}