{"id":19135,"date":"2020-05-07T06:14:37","date_gmt":"2020-05-07T05:14:37","guid":{"rendered":"https:\/\/miniz.es\/producto\/plastidip-goma-protectora-efecto-reflex-reflector\/"},"modified":"2026-02-22T14:37:30","modified_gmt":"2026-02-22T13:37:30","slug":"plastidip-goma-protectora-efecto-reflex-reflector","status":"publish","type":"product","link":"https:\/\/www.technicalrp.es\/de\/produkt\/plastidip-goma-protectora-efecto-reflex-reflector\/","title":{"rendered":"Plastidip Goma Protectora Efecto reflex (reflector)"},"content":{"rendered":"<p>Bote de pintura en Spray de 311g (400ml) de PLASTI DIP en color Efecto Reflex (formato USA).<\/p>\n<p>Los botes de Pintura Plasti Dip denoinados \u00abEfectos\u00bb, las mismas caracter\u00edsticas que los colores b\u00e1sicos Plasti Dip, y est\u00e1n pensados para conseguir diferentes tonalidades al pulverizarlos sobre los colores b\u00e1sicos de Plasti Dip.<\/p>\n<p>Conseguiremos una mayor reflexi\u00f3n de la luz cuando pulvericemos sobre colores oscuros(Plasti Dip). Adem\u00e1s, si una vez pulverizado el efecto Reflex, pulimos la superf\u00edcie, conseguiremos mayor efectividad del efecto.<\/p>\n<p>Si vamos a dar varias capas de efecto reflex, deberemos dejar un m\u00ednimo de 5 minuto entre capa y capa.<\/p>\n<p>Un bote de spray de 311g. nos permitir\u00e1 cubrir una superf\u00edcie de 5 a 9m2, en funci\u00f3n del n\u00famero de capas que demos.<\/p>\n<p>La pintura Plasti Dip se utiliza para recubrir objetos y protegerlos de las inclemencias del tiempo (agua), del los rayos UV, etc. Una vez seca, la pintura Plasti Dip y los efectos que hayamos pulverizado encima  permanecen flexibles y completamente inoloros.<\/p>\n<p>Es a prueba de agua.<\/p>\n<p>Las pinturas PLASTI DIP una vez secas se pueden quitar tirando de ellas, como si se tratara de una fina pel\u00edcula adhesiva. No necesitamos lijar la pieza ni utilizar ning\u00fan tipo de disolvente para el despintado.<\/p>\n<p>La goma l\u00edquida PLASTI DIP forma una capa protectora, de caucho, muy \u00fatil para sellar, amortiguar y enmarcar. Se utiliza tambi\u00e9n como producto antideslizante. Especialmente recomendado para su uso en interiores y exteriores ya que soporta temperaturas extremas, desde -34\u00baC hasta 93\u00baC. Tambi\u00e9n es resistente a \u00e1cidos, alcalinos, sales, aceites, as\u00ed como a muchisimos agentes qu\u00edmicos.<\/p>\n<p>No contiene silicona y una vez seca, se puede quitar f\u00e1cilmente.<\/p>\n<p>Especialmente adherente a metales, madera, pl\u00e1sticos, vidrio, telas , lana, piedra, fibras de vidrio o de carbono, etc. Para aumentar su adherencia podemos usar el producto de imprimaci\u00f3n especialmente dise\u00f1ado para la goma l\u00edquida Plasti Dip.<br \/>\nModo de empleo:<\/p>\n<p>La superf\u00edcie a proteger debe estar seca, limpia, y libre de substancias que dificulten su adherencia. Antes de abrir el bote y aplicar el producto, agitar suavemente y abrir. Debemos dejarlo reposar unos minutos para evitar burbujas de aire.<\/p>\n<p>Podemos aplicar la pintura PLASTI DIP utilizando un pincel o brocha, tambi\u00e9n podemos pulverizarla, y tambi\u00e9n podemos trabajar por inmersi\u00f3n sumergiendo la pieza dentro del bote de pintura.<\/p>\n<p>Para pulverizarla, podemos utilizar el bote de Spray de pintura Plasti Dip, o bien el bote de pintura l\u00edquida utiliz\u00e1ndo el disolvente PLASTI DIP para diluir la pintura.<\/p>\n<p>Para conseguir un buen acabado cuando pintamos por pulverizaci\u00f3n, tenemos que pintar a base de dar finas capas (de 4 a 6 capas de media), dejando un tiempo m\u00ednimo de secado entre capa y capa, de unos 6-10 minutos.<\/p>\n<p>En este caso de pulverizar, recomendamos la utilizaci\u00f3n de pistolas el\u00e9ctricas (o tambi\u00e9n denominadas de turbina).<\/p>\n<p>Informaci\u00f3n t\u00e9cnica de la pintura PLASTI DIP:<\/p>\n<p>&#8211; Estable a temperaturas entre -34\u00baC y 93\u00baC.<br \/>\n&#8211; Temperatura \u00f3ptima de aplicaci\u00f3n, alrededor de 20\u00baC.<br \/>\n&#8211; Tiempo m\u00ednimo de secado al contacto. 5 min. aprox.<br \/>\n&#8211; Tiempo de secado completo: 1 hora, dependiendo del grosor y del n\u00famero de capas aplicadas.<br \/>\n&#8211; El fabricante recomienda capas de 0.2mm de grosor, que requerir\u00e1n 150gr de producto por m2.<\/p>\n<p>\n<a href=\"https:\/\/www.plasti-dip.es\/vinilo-liquido\/descarga-hoja-de-seguridad-vinilo-liquido-plasti-dip-spray-efecto-reflex-reflector\/\">Descarga la hoja de seguridad<\/a><\/p>","protected":false},"excerpt":{"rendered":"<p>Plastidip Goma Protectora Efecto reflex (reflector)      <\/p>","protected":false},"featured_media":19134,"comment_status":"open","ping_status":"closed","template":"","meta":{"site-sidebar-layout":"default","site-content-layout":"default","ast-site-content-layout":"default","site-content-style":"default","site-sidebar-style":"default","ast-global-header-display":"","ast-banner-title-visibility":"","ast-main-header-display":"","ast-hfb-above-header-display":"","ast-hfb-below-header-display":"","ast-hfb-mobile-header-display":"","site-post-title":"","ast-breadcrumbs-content":"","ast-featured-img":"","footer-sml-layout":"","ast-disable-related-posts":"","theme-transparent-header-meta":"default","adv-header-id-meta":"","stick-header-meta":"","header-above-stick-meta":"","header-main-stick-meta":"","header-below-stick-meta":"","astra-migrate-meta-layouts":"default","ast-page-background-enabled":"default","ast-page-background-meta":{"desktop":{"background-color":"","background-image":"","background-repeat":"repeat","background-position":"center center","background-size":"auto","background-attachment":"scroll","background-type":"","background-media":"","overlay-type":"","overlay-color":"","overlay-opacity":"","overlay-gradient":""},"tablet":{"background-color":"","background-image":"","background-repeat":"repeat","background-position":"center center","background-size":"auto","background-attachment":"scroll","background-type":"","background-media":"","overlay-type":"","overlay-color":"","overlay-opacity":"","overlay-gradient":""},"mobile":{"background-color":"","background-image":"","background-repeat":"repeat","background-position":"center center","background-size":"auto","background-attachment":"scroll","background-type":"","background-media":"","overlay-type":"","overlay-color":"","overlay-opacity":"","overlay-gradient":""}},"ast-content-background-meta":{"desktop":{"background-color":"var(--ast-global-color-5)","background-image":"","background-repeat":"repeat","background-position":"center center","background-size":"auto","background-attachment":"scroll","background-type":"","background-media":"","overlay-type":"","overlay-color":"","overlay-opacity":"","overlay-gradient":""},"tablet":{"background-color":"var(--ast-global-color-5)","background-image":"","background-repeat":"repeat","background-position":"center center","background-size":"auto","background-attachment":"scroll","background-type":"","background-media":"","overlay-type":"","overlay-color":"","overlay-opacity":"","overlay-gradient":""},"mobile":{"background-color":"var(--ast-global-color-5)","background-image":"","background-repeat":"repeat","background-position":"center center","background-size":"auto","background-attachment":"scroll","background-type":"","background-media":"","overlay-type":"","overlay-color":"","overlay-opacity":"","overlay-gradient":""}},"_joinchat":[]},"product_brand":[],"product_cat":[94],"product_tag":[],"class_list":{"0":"post-19135","1":"product","2":"type-product","3":"status-publish","4":"has-post-thumbnail","6":"product_cat-400ml-plastidip-spray-efectos","7":"desktop-align-left","8":"tablet-align-left","9":"mobile-align-left","11":"first","12":"instock","13":"taxable","14":"shipping-taxable","15":"purchasable","16":"product-type-simple"},"yoast_head":"<!-- This site is optimized with the Yoast SEO plugin v27.2 - https:\/\/yoast.com\/product\/yoast-seo-wordpress\/ -->\n<title>Plastidip Goma Protectora Efecto reflex (reflector) - Technical Racing Products<\/title>\n<meta name=\"description\" content=\"Bote de pintura en Spray de 311g (400ml) de PLASTI DIP en color Efecto Reflex (formato USA), disponible en TRP.\" \/>\n<meta name=\"robots\" content=\"index, follow, max-snippet:-1, max-image-preview:large, max-video-preview:-1\" \/>\n<link rel=\"canonical\" href=\"https:\/\/www.technicalrp.es\/de\/produkt\/plastidip-goma-protectora-efecto-reflex-reflector\/\" \/>\n<meta property=\"og:locale\" content=\"de_DE\" \/>\n<meta property=\"og:type\" content=\"article\" \/>\n<meta property=\"og:title\" content=\"Plastidip Goma Protectora Efecto reflex (reflector) - Technical Racing Products\" \/>\n<meta property=\"og:description\" content=\"Bote de pintura en Spray de 311g (400ml) de PLASTI DIP en color Efecto Reflex (formato USA), disponible en TRP.\" \/>\n<meta property=\"og:url\" content=\"https:\/\/www.technicalrp.es\/de\/produkt\/plastidip-goma-protectora-efecto-reflex-reflector\/\" \/>\n<meta property=\"og:site_name\" content=\"Technical Racing Products\" \/>\n<meta property=\"article:modified_time\" content=\"2026-02-22T13:37:30+00:00\" \/>\n<meta property=\"og:image\" content=\"https:\/\/www.technicalrp.es\/wp-content\/uploads\/2020\/05\/075815112927.jpg\" \/>\n\t<meta property=\"og:image:width\" content=\"800\" \/>\n\t<meta property=\"og:image:height\" content=\"600\" \/>\n\t<meta property=\"og:image:type\" content=\"image\/jpeg\" \/>\n<meta name=\"twitter:card\" content=\"summary_large_image\" \/>\n<meta name=\"twitter:label1\" content=\"Gesch\u00e4tzte Lesezeit\" \/>\n\t<meta name=\"twitter:data1\" content=\"3\u00a0Minuten\" \/>\n<script type=\"application\/ld+json\" class=\"yoast-schema-graph\">{\"@context\":\"https:\/\/schema.org\",\"@graph\":[{\"@type\":\"WebPage\",\"@id\":\"https:\/\/www.technicalrp.es\/producto\/plastidip-goma-protectora-efecto-reflex-reflector\/\",\"url\":\"https:\/\/www.technicalrp.es\/producto\/plastidip-goma-protectora-efecto-reflex-reflector\/\",\"name\":\"Plastidip Goma Protectora Efecto reflex (reflector) - Technical Racing Products\",\"isPartOf\":{\"@id\":\"https:\/\/www.technicalrp.es\/de\/#website\"},\"primaryImageOfPage\":{\"@id\":\"https:\/\/www.technicalrp.es\/producto\/plastidip-goma-protectora-efecto-reflex-reflector\/#primaryimage\"},\"image\":{\"@id\":\"https:\/\/www.technicalrp.es\/producto\/plastidip-goma-protectora-efecto-reflex-reflector\/#primaryimage\"},\"thumbnailUrl\":\"https:\/\/www.technicalrp.es\/wp-content\/uploads\/2020\/05\/075815112927.jpg\",\"datePublished\":\"2020-05-07T05:14:37+00:00\",\"dateModified\":\"2026-02-22T13:37:30+00:00\",\"description\":\"Bote de pintura en Spray de 311g (400ml) de PLASTI DIP en color Efecto Reflex (formato USA), disponible en TRP.\",\"breadcrumb\":{\"@id\":\"https:\/\/www.technicalrp.es\/producto\/plastidip-goma-protectora-efecto-reflex-reflector\/#breadcrumb\"},\"inLanguage\":\"de\",\"potentialAction\":[{\"@type\":\"ReadAction\",\"target\":[\"https:\/\/www.technicalrp.es\/producto\/plastidip-goma-protectora-efecto-reflex-reflector\/\"]}]},{\"@type\":\"ImageObject\",\"inLanguage\":\"de\",\"@id\":\"https:\/\/www.technicalrp.es\/producto\/plastidip-goma-protectora-efecto-reflex-reflector\/#primaryimage\",\"url\":\"https:\/\/www.technicalrp.es\/wp-content\/uploads\/2020\/05\/075815112927.jpg\",\"contentUrl\":\"https:\/\/www.technicalrp.es\/wp-content\/uploads\/2020\/05\/075815112927.jpg\",\"width\":800,\"height\":600,\"caption\":\"Plastidip Goma Protectora Efecto reflex (reflector)\"},{\"@type\":\"BreadcrumbList\",\"@id\":\"https:\/\/www.technicalrp.es\/producto\/plastidip-goma-protectora-efecto-reflex-reflector\/#breadcrumb\",\"itemListElement\":[{\"@type\":\"ListItem\",\"position\":1,\"name\":\"Portada\",\"item\":\"https:\/\/www.technicalrp.es\/\"},{\"@type\":\"ListItem\",\"position\":2,\"name\":\"Tienda\",\"item\":\"https:\/\/www.technicalrp.es\/\"},{\"@type\":\"ListItem\",\"position\":3,\"name\":\"Plastidip Goma Protectora Efecto reflex (reflector)\"}]},{\"@type\":\"WebSite\",\"@id\":\"https:\/\/www.technicalrp.es\/de\/#website\",\"url\":\"https:\/\/www.technicalrp.es\/de\/\",\"name\":\"Technical Racing Products\",\"description\":\"Los especialistas del MiniZ\",\"publisher\":{\"@id\":\"https:\/\/www.technicalrp.es\/de\/#organization\"},\"potentialAction\":[{\"@type\":\"SearchAction\",\"target\":{\"@type\":\"EntryPoint\",\"urlTemplate\":\"https:\/\/www.technicalrp.es\/de\/?s={search_term_string}\"},\"query-input\":{\"@type\":\"PropertyValueSpecification\",\"valueRequired\":true,\"valueName\":\"search_term_string\"}}],\"inLanguage\":\"de\"},{\"@type\":\"Organization\",\"@id\":\"https:\/\/www.technicalrp.es\/de\/#organization\",\"name\":\"Technical Racing Products\",\"url\":\"https:\/\/www.technicalrp.es\/de\/\",\"logo\":{\"@type\":\"ImageObject\",\"inLanguage\":\"de\",\"@id\":\"https:\/\/www.technicalrp.es\/de\/#\/schema\/logo\/image\/\",\"url\":\"https:\/\/www.technicalrp.es\/wp-content\/uploads\/2020\/01\/logo-trp.png\",\"contentUrl\":\"https:\/\/www.technicalrp.es\/wp-content\/uploads\/2020\/01\/logo-trp.png\",\"width\":640,\"height\":206,\"caption\":\"Technical Racing Products\"},\"image\":{\"@id\":\"https:\/\/www.technicalrp.es\/de\/#\/schema\/logo\/image\/\"}}]}<\/script>\n<!-- \/ Yoast SEO plugin. -->","yoast_head_json":{"title":"Plastidip Goma Protectora Efecto reflex (reflector) - Technical Racing Products","description":"Bote de pintura en Spray de 311g (400ml) de PLASTI DIP en color Efecto Reflex (formato USA), disponible en TRP.","robots":{"index":"index","follow":"follow","max-snippet":"max-snippet:-1","max-image-preview":"max-image-preview:large","max-video-preview":"max-video-preview:-1"},"canonical":"https:\/\/www.technicalrp.es\/de\/produkt\/plastidip-goma-protectora-efecto-reflex-reflector\/","og_locale":"de_DE","og_type":"article","og_title":"Plastidip Goma Protectora Efecto reflex (reflector) - Technical Racing Products","og_description":"Bote de pintura en Spray de 311g (400ml) de PLASTI DIP en color Efecto Reflex (formato USA), disponible en TRP.","og_url":"https:\/\/www.technicalrp.es\/de\/produkt\/plastidip-goma-protectora-efecto-reflex-reflector\/","og_site_name":"Technical Racing Products","article_modified_time":"2026-02-22T13:37:30+00:00","og_image":[{"width":800,"height":600,"url":"https:\/\/www.technicalrp.es\/wp-content\/uploads\/2020\/05\/075815112927.jpg","type":"image\/jpeg"}],"twitter_card":"summary_large_image","twitter_misc":{"Gesch\u00e4tzte Lesezeit":"3\u00a0Minuten"},"schema":{"@context":"https:\/\/schema.org","@graph":[{"@type":"WebPage","@id":"https:\/\/www.technicalrp.es\/producto\/plastidip-goma-protectora-efecto-reflex-reflector\/","url":"https:\/\/www.technicalrp.es\/producto\/plastidip-goma-protectora-efecto-reflex-reflector\/","name":"Plastidip Goma Protectora Efecto reflex (reflector) - Technical Racing Products","isPartOf":{"@id":"https:\/\/www.technicalrp.es\/de\/#website"},"primaryImageOfPage":{"@id":"https:\/\/www.technicalrp.es\/producto\/plastidip-goma-protectora-efecto-reflex-reflector\/#primaryimage"},"image":{"@id":"https:\/\/www.technicalrp.es\/producto\/plastidip-goma-protectora-efecto-reflex-reflector\/#primaryimage"},"thumbnailUrl":"https:\/\/www.technicalrp.es\/wp-content\/uploads\/2020\/05\/075815112927.jpg","datePublished":"2020-05-07T05:14:37+00:00","dateModified":"2026-02-22T13:37:30+00:00","description":"Bote de pintura en Spray de 311g (400ml) de PLASTI DIP en color Efecto Reflex (formato USA), disponible en TRP.","breadcrumb":{"@id":"https:\/\/www.technicalrp.es\/producto\/plastidip-goma-protectora-efecto-reflex-reflector\/#breadcrumb"},"inLanguage":"de","potentialAction":[{"@type":"ReadAction","target":["https:\/\/www.technicalrp.es\/producto\/plastidip-goma-protectora-efecto-reflex-reflector\/"]}]},{"@type":"ImageObject","inLanguage":"de","@id":"https:\/\/www.technicalrp.es\/producto\/plastidip-goma-protectora-efecto-reflex-reflector\/#primaryimage","url":"https:\/\/www.technicalrp.es\/wp-content\/uploads\/2020\/05\/075815112927.jpg","contentUrl":"https:\/\/www.technicalrp.es\/wp-content\/uploads\/2020\/05\/075815112927.jpg","width":800,"height":600,"caption":"Plastidip Goma Protectora Efecto reflex (reflector)"},{"@type":"BreadcrumbList","@id":"https:\/\/www.technicalrp.es\/producto\/plastidip-goma-protectora-efecto-reflex-reflector\/#breadcrumb","itemListElement":[{"@type":"ListItem","position":1,"name":"Portada","item":"https:\/\/www.technicalrp.es\/"},{"@type":"ListItem","position":2,"name":"Tienda","item":"https:\/\/www.technicalrp.es\/"},{"@type":"ListItem","position":3,"name":"Plastidip Goma Protectora Efecto reflex (reflector)"}]},{"@type":"WebSite","@id":"https:\/\/www.technicalrp.es\/de\/#website","url":"https:\/\/www.technicalrp.es\/de\/","name":"Technical Racing Products","description":"Los especialistas del MiniZ","publisher":{"@id":"https:\/\/www.technicalrp.es\/de\/#organization"},"potentialAction":[{"@type":"SearchAction","target":{"@type":"EntryPoint","urlTemplate":"https:\/\/www.technicalrp.es\/de\/?s={search_term_string}"},"query-input":{"@type":"PropertyValueSpecification","valueRequired":true,"valueName":"search_term_string"}}],"inLanguage":"de"},{"@type":"Organization","@id":"https:\/\/www.technicalrp.es\/de\/#organization","name":"Technical Racing Products","url":"https:\/\/www.technicalrp.es\/de\/","logo":{"@type":"ImageObject","inLanguage":"de","@id":"https:\/\/www.technicalrp.es\/de\/#\/schema\/logo\/image\/","url":"https:\/\/www.technicalrp.es\/wp-content\/uploads\/2020\/01\/logo-trp.png","contentUrl":"https:\/\/www.technicalrp.es\/wp-content\/uploads\/2020\/01\/logo-trp.png","width":640,"height":206,"caption":"Technical Racing Products"},"image":{"@id":"https:\/\/www.technicalrp.es\/de\/#\/schema\/logo\/image\/"}}]}},"_links":{"self":[{"href":"https:\/\/www.technicalrp.es\/de\/wp-json\/wp\/v2\/product\/19135","targetHints":{"allow":["GET"]}}],"collection":[{"href":"https:\/\/www.technicalrp.es\/de\/wp-json\/wp\/v2\/product"}],"about":[{"href":"https:\/\/www.technicalrp.es\/de\/wp-json\/wp\/v2\/types\/product"}],"replies":[{"embeddable":true,"href":"https:\/\/www.technicalrp.es\/de\/wp-json\/wp\/v2\/comments?post=19135"}],"wp:featuredmedia":[{"embeddable":true,"href":"https:\/\/www.technicalrp.es\/de\/wp-json\/wp\/v2\/media\/19134"}],"wp:attachment":[{"href":"https:\/\/www.technicalrp.es\/de\/wp-json\/wp\/v2\/media?parent=19135"}],"wp:term":[{"taxonomy":"product_brand","embeddable":true,"href":"https:\/\/www.technicalrp.es\/de\/wp-json\/wp\/v2\/product_brand?post=19135"},{"taxonomy":"product_cat","embeddable":true,"href":"https:\/\/www.technicalrp.es\/de\/wp-json\/wp\/v2\/product_cat?post=19135"},{"taxonomy":"product_tag","embeddable":true,"href":"https:\/\/www.technicalrp.es\/de\/wp-json\/wp\/v2\/product_tag?post=19135"}],"curies":[{"name":"wp","href":"https:\/\/api.w.org\/{rel}","templated":true}]}}