{"id":10602,"date":"2020-05-07T00:29:11","date_gmt":"2020-05-06T23:29:11","guid":{"rendered":"https:\/\/miniz.es\/producto\/kyosho-miniz-mr015-chasis-skeleton-rigido\/"},"modified":"2023-04-09T10:03:04","modified_gmt":"2023-04-09T09:03:04","slug":"kyosho-miniz-mr015-chasis-skeleton-rigido","status":"publish","type":"product","link":"https:\/\/www.technicalrp.es\/en\/product\/kyosho-miniz-mr015-chasis-skeleton-rigido\/","title":{"rendered":"Kyosho MiniZ MR015 Chasis Skeleton R\u00edgido"},"content":{"rendered":"<p>Chasis opcional de Kyosho para MiniZ MR015, en color transparente Skeleton.<\/p>\n<p>El kit incluye, adem\u00e1s del propio chasis (portapilas), todos los otros elementos de pl\u00e1stico incluydos en un chasis MR015, como son la tapa de la electr\u00f3nica o los clips de bater\u00edas.<\/p>","protected":false},"excerpt":{"rendered":"<p>Kyosho MiniZ MR015 Chasis Skeleton R\u00edgido                   <\/p>","protected":false},"featured_media":31948,"comment_status":"open","ping_status":"closed","template":"","meta":{"site-sidebar-layout":"default","site-content-layout":"default","ast-site-content-layout":"default","site-content-style":"default","site-sidebar-style":"default","ast-global-header-display":"","ast-banner-title-visibility":"","ast-main-header-display":"","ast-hfb-above-header-display":"","ast-hfb-below-header-display":"","ast-hfb-mobile-header-display":"","site-post-title":"","ast-breadcrumbs-content":"","ast-featured-img":"","footer-sml-layout":"","ast-disable-related-posts":"","theme-transparent-header-meta":"default","adv-header-id-meta":"","stick-header-meta":"","header-above-stick-meta":"","header-main-stick-meta":"","header-below-stick-meta":"","astra-migrate-meta-layouts":"default","ast-page-background-enabled":"default","ast-page-background-meta":{"desktop":{"background-color":"","background-image":"","background-repeat":"repeat","background-position":"center center","background-size":"auto","background-attachment":"scroll","background-type":"","background-media":"","overlay-type":"","overlay-color":"","overlay-opacity":"","overlay-gradient":""},"tablet":{"background-color":"","background-image":"","background-repeat":"repeat","background-position":"center center","background-size":"auto","background-attachment":"scroll","background-type":"","background-media":"","overlay-type":"","overlay-color":"","overlay-opacity":"","overlay-gradient":""},"mobile":{"background-color":"","background-image":"","background-repeat":"repeat","background-position":"center center","background-size":"auto","background-attachment":"scroll","background-type":"","background-media":"","overlay-type":"","overlay-color":"","overlay-opacity":"","overlay-gradient":""}},"ast-content-background-meta":{"desktop":{"background-color":"var(--ast-global-color-5)","background-image":"","background-repeat":"repeat","background-position":"center center","background-size":"auto","background-attachment":"scroll","background-type":"","background-media":"","overlay-type":"","overlay-color":"","overlay-opacity":"","overlay-gradient":""},"tablet":{"background-color":"var(--ast-global-color-5)","background-image":"","background-repeat":"repeat","background-position":"center center","background-size":"auto","background-attachment":"scroll","background-type":"","background-media":"","overlay-type":"","overlay-color":"","overlay-opacity":"","overlay-gradient":""},"mobile":{"background-color":"var(--ast-global-color-5)","background-image":"","background-repeat":"repeat","background-position":"center center","background-size":"auto","background-attachment":"scroll","background-type":"","background-media":"","overlay-type":"","overlay-color":"","overlay-opacity":"","overlay-gradient":""}},"_joinchat":[]},"product_brand":[],"product_cat":[323],"product_tag":[],"class_list":{"0":"post-10602","1":"product","2":"type-product","3":"status-publish","4":"has-post-thumbnail","6":"product_cat-miniz-mr02-chasis","7":"desktop-align-left","8":"tablet-align-left","9":"mobile-align-left","11":"first","12":"instock","13":"taxable","14":"shipping-taxable","15":"purchasable","16":"product-type-simple"},"yoast_head":"<!-- This site is optimized with the Yoast SEO plugin v27.2 - https:\/\/yoast.com\/product\/yoast-seo-wordpress\/ -->\n<title>Kyosho MiniZ MR015 Chasis Skeleton R\u00edgido - Technical Racing Products<\/title>\n<meta name=\"description\" content=\"Chasis opcional de Kyosho para MiniZ MR015, en color transparente Skeleton. Incluye los otros elementos de pl\u00e1stico incluidos en chasis MR015.\" \/>\n<meta name=\"robots\" content=\"index, follow, max-snippet:-1, max-image-preview:large, max-video-preview:-1\" \/>\n<link rel=\"canonical\" href=\"https:\/\/www.technicalrp.es\/en\/produit\/kyosho-miniz-mr015-chasis-skeleton-rigido\/\" \/>\n<meta property=\"og:locale\" content=\"en_US\" \/>\n<meta property=\"og:type\" content=\"article\" \/>\n<meta property=\"og:title\" content=\"Kyosho MiniZ MR015 Chasis Skeleton R\u00edgido - Technical Racing Products\" \/>\n<meta property=\"og:description\" content=\"Chasis opcional de Kyosho para MiniZ MR015, en color transparente Skeleton. Incluye los otros elementos de pl\u00e1stico incluidos en chasis MR015.\" \/>\n<meta property=\"og:url\" content=\"https:\/\/www.technicalrp.es\/en\/produit\/kyosho-miniz-mr015-chasis-skeleton-rigido\/\" \/>\n<meta property=\"og:site_name\" content=\"Technical Racing Products\" \/>\n<meta property=\"article:modified_time\" content=\"2023-04-09T09:03:04+00:00\" \/>\n<meta property=\"og:image\" content=\"https:\/\/www.technicalrp.es\/wp-content\/uploads\/2020\/12\/4955439794265-3.jpg\" \/>\n\t<meta property=\"og:image:width\" content=\"640\" \/>\n\t<meta property=\"og:image:height\" content=\"480\" \/>\n\t<meta property=\"og:image:type\" content=\"image\/jpeg\" \/>\n<meta name=\"twitter:card\" content=\"summary_large_image\" \/>\n<script type=\"application\/ld+json\" class=\"yoast-schema-graph\">{\"@context\":\"https:\/\/schema.org\",\"@graph\":[{\"@type\":\"WebPage\",\"@id\":\"https:\/\/www.technicalrp.es\/fr\/produit\/kyosho-miniz-mr015-chasis-skeleton-rigido\/\",\"url\":\"https:\/\/www.technicalrp.es\/fr\/produit\/kyosho-miniz-mr015-chasis-skeleton-rigido\/\",\"name\":\"Kyosho MiniZ MR015 Chasis Skeleton R\u00edgido - Technical Racing Products\",\"isPartOf\":{\"@id\":\"https:\/\/www.technicalrp.es\/de\/#website\"},\"primaryImageOfPage\":{\"@id\":\"https:\/\/www.technicalrp.es\/fr\/produit\/kyosho-miniz-mr015-chasis-skeleton-rigido\/#primaryimage\"},\"image\":{\"@id\":\"https:\/\/www.technicalrp.es\/fr\/produit\/kyosho-miniz-mr015-chasis-skeleton-rigido\/#primaryimage\"},\"thumbnailUrl\":\"https:\/\/www.technicalrp.es\/wp-content\/uploads\/2020\/12\/4955439794265-3.jpg\",\"datePublished\":\"2020-05-06T23:29:11+00:00\",\"dateModified\":\"2023-04-09T09:03:04+00:00\",\"description\":\"Chasis opcional de Kyosho para MiniZ MR015, en color transparente Skeleton. Incluye los otros elementos de pl\u00e1stico incluidos en chasis MR015.\",\"breadcrumb\":{\"@id\":\"https:\/\/www.technicalrp.es\/fr\/produit\/kyosho-miniz-mr015-chasis-skeleton-rigido\/#breadcrumb\"},\"inLanguage\":\"en-US\",\"potentialAction\":[{\"@type\":\"ReadAction\",\"target\":[\"https:\/\/www.technicalrp.es\/fr\/produit\/kyosho-miniz-mr015-chasis-skeleton-rigido\/\"]}]},{\"@type\":\"ImageObject\",\"inLanguage\":\"en-US\",\"@id\":\"https:\/\/www.technicalrp.es\/fr\/produit\/kyosho-miniz-mr015-chasis-skeleton-rigido\/#primaryimage\",\"url\":\"https:\/\/www.technicalrp.es\/wp-content\/uploads\/2020\/12\/4955439794265-3.jpg\",\"contentUrl\":\"https:\/\/www.technicalrp.es\/wp-content\/uploads\/2020\/12\/4955439794265-3.jpg\",\"width\":640,\"height\":480,\"caption\":\"Kyosho MiniZ MR015 Chasis Skeleton R\u00edgido\"},{\"@type\":\"BreadcrumbList\",\"@id\":\"https:\/\/www.technicalrp.es\/fr\/produit\/kyosho-miniz-mr015-chasis-skeleton-rigido\/#breadcrumb\",\"itemListElement\":[{\"@type\":\"ListItem\",\"position\":1,\"name\":\"Portada\",\"item\":\"https:\/\/www.technicalrp.es\/\"},{\"@type\":\"ListItem\",\"position\":2,\"name\":\"Tienda\",\"item\":\"https:\/\/www.technicalrp.es\/\"},{\"@type\":\"ListItem\",\"position\":3,\"name\":\"Kyosho MiniZ MR015 Chasis Skeleton R\u00edgido\"}]},{\"@type\":\"WebSite\",\"@id\":\"https:\/\/www.technicalrp.es\/de\/#website\",\"url\":\"https:\/\/www.technicalrp.es\/de\/\",\"name\":\"Technical Racing Products\",\"description\":\"Los especialistas del MiniZ\",\"publisher\":{\"@id\":\"https:\/\/www.technicalrp.es\/de\/#organization\"},\"potentialAction\":[{\"@type\":\"SearchAction\",\"target\":{\"@type\":\"EntryPoint\",\"urlTemplate\":\"https:\/\/www.technicalrp.es\/de\/?s={search_term_string}\"},\"query-input\":{\"@type\":\"PropertyValueSpecification\",\"valueRequired\":true,\"valueName\":\"search_term_string\"}}],\"inLanguage\":\"en-US\"},{\"@type\":\"Organization\",\"@id\":\"https:\/\/www.technicalrp.es\/de\/#organization\",\"name\":\"Technical Racing Products\",\"url\":\"https:\/\/www.technicalrp.es\/de\/\",\"logo\":{\"@type\":\"ImageObject\",\"inLanguage\":\"en-US\",\"@id\":\"https:\/\/www.technicalrp.es\/de\/#\/schema\/logo\/image\/\",\"url\":\"https:\/\/www.technicalrp.es\/wp-content\/uploads\/2020\/01\/logo-trp.png\",\"contentUrl\":\"https:\/\/www.technicalrp.es\/wp-content\/uploads\/2020\/01\/logo-trp.png\",\"width\":640,\"height\":206,\"caption\":\"Technical Racing Products\"},\"image\":{\"@id\":\"https:\/\/www.technicalrp.es\/de\/#\/schema\/logo\/image\/\"}}]}<\/script>\n<!-- \/ Yoast SEO plugin. -->","yoast_head_json":{"title":"Kyosho MiniZ MR015 Chasis Skeleton R\u00edgido - Technical Racing Products","description":"Chasis opcional de Kyosho para MiniZ MR015, en color transparente Skeleton. Incluye los otros elementos de pl\u00e1stico incluidos en chasis MR015.","robots":{"index":"index","follow":"follow","max-snippet":"max-snippet:-1","max-image-preview":"max-image-preview:large","max-video-preview":"max-video-preview:-1"},"canonical":"https:\/\/www.technicalrp.es\/en\/produit\/kyosho-miniz-mr015-chasis-skeleton-rigido\/","og_locale":"en_US","og_type":"article","og_title":"Kyosho MiniZ MR015 Chasis Skeleton R\u00edgido - Technical Racing Products","og_description":"Chasis opcional de Kyosho para MiniZ MR015, en color transparente Skeleton. Incluye los otros elementos de pl\u00e1stico incluidos en chasis MR015.","og_url":"https:\/\/www.technicalrp.es\/en\/produit\/kyosho-miniz-mr015-chasis-skeleton-rigido\/","og_site_name":"Technical Racing Products","article_modified_time":"2023-04-09T09:03:04+00:00","og_image":[{"width":640,"height":480,"url":"https:\/\/www.technicalrp.es\/wp-content\/uploads\/2020\/12\/4955439794265-3.jpg","type":"image\/jpeg"}],"twitter_card":"summary_large_image","schema":{"@context":"https:\/\/schema.org","@graph":[{"@type":"WebPage","@id":"https:\/\/www.technicalrp.es\/fr\/produit\/kyosho-miniz-mr015-chasis-skeleton-rigido\/","url":"https:\/\/www.technicalrp.es\/fr\/produit\/kyosho-miniz-mr015-chasis-skeleton-rigido\/","name":"Kyosho MiniZ MR015 Chasis Skeleton R\u00edgido - Technical Racing Products","isPartOf":{"@id":"https:\/\/www.technicalrp.es\/de\/#website"},"primaryImageOfPage":{"@id":"https:\/\/www.technicalrp.es\/fr\/produit\/kyosho-miniz-mr015-chasis-skeleton-rigido\/#primaryimage"},"image":{"@id":"https:\/\/www.technicalrp.es\/fr\/produit\/kyosho-miniz-mr015-chasis-skeleton-rigido\/#primaryimage"},"thumbnailUrl":"https:\/\/www.technicalrp.es\/wp-content\/uploads\/2020\/12\/4955439794265-3.jpg","datePublished":"2020-05-06T23:29:11+00:00","dateModified":"2023-04-09T09:03:04+00:00","description":"Chasis opcional de Kyosho para MiniZ MR015, en color transparente Skeleton. Incluye los otros elementos de pl\u00e1stico incluidos en chasis MR015.","breadcrumb":{"@id":"https:\/\/www.technicalrp.es\/fr\/produit\/kyosho-miniz-mr015-chasis-skeleton-rigido\/#breadcrumb"},"inLanguage":"en-US","potentialAction":[{"@type":"ReadAction","target":["https:\/\/www.technicalrp.es\/fr\/produit\/kyosho-miniz-mr015-chasis-skeleton-rigido\/"]}]},{"@type":"ImageObject","inLanguage":"en-US","@id":"https:\/\/www.technicalrp.es\/fr\/produit\/kyosho-miniz-mr015-chasis-skeleton-rigido\/#primaryimage","url":"https:\/\/www.technicalrp.es\/wp-content\/uploads\/2020\/12\/4955439794265-3.jpg","contentUrl":"https:\/\/www.technicalrp.es\/wp-content\/uploads\/2020\/12\/4955439794265-3.jpg","width":640,"height":480,"caption":"Kyosho MiniZ MR015 Chasis Skeleton R\u00edgido"},{"@type":"BreadcrumbList","@id":"https:\/\/www.technicalrp.es\/fr\/produit\/kyosho-miniz-mr015-chasis-skeleton-rigido\/#breadcrumb","itemListElement":[{"@type":"ListItem","position":1,"name":"Portada","item":"https:\/\/www.technicalrp.es\/"},{"@type":"ListItem","position":2,"name":"Tienda","item":"https:\/\/www.technicalrp.es\/"},{"@type":"ListItem","position":3,"name":"Kyosho MiniZ MR015 Chasis Skeleton R\u00edgido"}]},{"@type":"WebSite","@id":"https:\/\/www.technicalrp.es\/de\/#website","url":"https:\/\/www.technicalrp.es\/de\/","name":"Technical Racing Products","description":"Los especialistas del MiniZ","publisher":{"@id":"https:\/\/www.technicalrp.es\/de\/#organization"},"potentialAction":[{"@type":"SearchAction","target":{"@type":"EntryPoint","urlTemplate":"https:\/\/www.technicalrp.es\/de\/?s={search_term_string}"},"query-input":{"@type":"PropertyValueSpecification","valueRequired":true,"valueName":"search_term_string"}}],"inLanguage":"en-US"},{"@type":"Organization","@id":"https:\/\/www.technicalrp.es\/de\/#organization","name":"Technical Racing Products","url":"https:\/\/www.technicalrp.es\/de\/","logo":{"@type":"ImageObject","inLanguage":"en-US","@id":"https:\/\/www.technicalrp.es\/de\/#\/schema\/logo\/image\/","url":"https:\/\/www.technicalrp.es\/wp-content\/uploads\/2020\/01\/logo-trp.png","contentUrl":"https:\/\/www.technicalrp.es\/wp-content\/uploads\/2020\/01\/logo-trp.png","width":640,"height":206,"caption":"Technical Racing Products"},"image":{"@id":"https:\/\/www.technicalrp.es\/de\/#\/schema\/logo\/image\/"}}]}},"_links":{"self":[{"href":"https:\/\/www.technicalrp.es\/en\/wp-json\/wp\/v2\/product\/10602","targetHints":{"allow":["GET"]}}],"collection":[{"href":"https:\/\/www.technicalrp.es\/en\/wp-json\/wp\/v2\/product"}],"about":[{"href":"https:\/\/www.technicalrp.es\/en\/wp-json\/wp\/v2\/types\/product"}],"replies":[{"embeddable":true,"href":"https:\/\/www.technicalrp.es\/en\/wp-json\/wp\/v2\/comments?post=10602"}],"wp:featuredmedia":[{"embeddable":true,"href":"https:\/\/www.technicalrp.es\/en\/wp-json\/wp\/v2\/media\/31948"}],"wp:attachment":[{"href":"https:\/\/www.technicalrp.es\/en\/wp-json\/wp\/v2\/media?parent=10602"}],"wp:term":[{"taxonomy":"product_brand","embeddable":true,"href":"https:\/\/www.technicalrp.es\/en\/wp-json\/wp\/v2\/product_brand?post=10602"},{"taxonomy":"product_cat","embeddable":true,"href":"https:\/\/www.technicalrp.es\/en\/wp-json\/wp\/v2\/product_cat?post=10602"},{"taxonomy":"product_tag","embeddable":true,"href":"https:\/\/www.technicalrp.es\/en\/wp-json\/wp\/v2\/product_tag?post=10602"}],"curies":[{"name":"wp","href":"https:\/\/api.w.org\/{rel}","templated":true}]}}