{"id":19139,"date":"2020-05-07T06:15:13","date_gmt":"2020-05-07T05:15:13","guid":{"rendered":"https:\/\/miniz.es\/producto\/plastidip-aislante-electrico-liquido-electrical-negro\/"},"modified":"2026-05-02T02:01:39","modified_gmt":"2026-05-02T01:01:39","slug":"plastidip-aislante-electrico-liquido-electrical-negro","status":"publish","type":"product","link":"https:\/\/www.technicalrp.es\/en\/product\/plastidip-aislante-electrico-liquido-electrical-negro\/","title":{"rendered":"Plastidip Aislante el\u00e9ctrico l\u00edquido (Electrical) Negro"},"content":{"rendered":"<p>Bote de 118ml de Liquid Tape Electrical, fabricado por Performix, en color negro.<\/p>\n<p>Dise&ntilde;ado para proteger permanentemente cables y conexiones el&eacute;ctricas, este producto tiene la misma funci&oacute;n del cinta aislante sino tambi&eacute;n una mayor manejabilidad y facilidad de aplicaci&oacute;n en las zonas m&aacute;s dif&iacute;ciles de alcanzar. Resiste a las tensiones hasta 1380 Volts\/ML y puede desmontarse f&aacute;cilmente de las superficies no porosas.<\/p>\n<p>Aplicaci&oacute;n Liquid Electrical Tape es especialmente indicado para su uso en cables el&eacute;ctricos, circuitos, cajas de conexiones, sensores, alarmas, cajas de uni&oacute;n y en general toda la componentistica electr&oacute;nica. Aseg&uacute;rese de que los cables, terminales o cualquier otra superficie este perfectamente limpia, seca y libre de tensi&oacute;n. aplicar sobre la superficie deseada dando al menos dos manos. Espera hasta aproximadamente 15 &ndash; 20 minutos despu&eacute;s de cada aplicaci&oacute;n. Utilizadas Liquid Electrical Tape en &aacute;reas bien ventiladas pero no ventosas, ni h&uacute;medas o cerca fuentes de calor.<\/p>\n<p><div class=\"ast-oembed-container\" style=\"height: 100%;\"><iframe title=\"Performix Liquid Tape, aislante el\u00e9ctrico - PLASTI DIP\" width=\"500\" height=\"281\" src=\"https:\/\/www.youtube.com\/embed\/l3e0XpT9Ync?feature=oembed\" frameborder=\"0\" allow=\"accelerometer; autoplay; clipboard-write; encrypted-media; gyroscope; picture-in-picture; web-share\" referrerpolicy=\"strict-origin-when-cross-origin\" allowfullscreen><\/iframe><\/div>\n<\/p>\n<p><a href=\"https:\/\/www.plasti-dip.es\/vinilo-liquido\/descarga-hoja-de-seguridad-aislante-electrico-liquid-tape-negro-plasti-dip\/\">Descarga la hoja de seguridad<\/a><\/p>\n<p>&nbsp;<\/p>","protected":false},"excerpt":{"rendered":"<p>Plastidip Aislante el\u00e9ctrico l\u00edquido (Electrical) Negro         <\/p>","protected":false},"featured_media":58366,"comment_status":"open","ping_status":"closed","template":"","meta":{"site-sidebar-layout":"default","site-content-layout":"","ast-site-content-layout":"default","site-content-style":"default","site-sidebar-style":"default","ast-global-header-display":"","ast-banner-title-visibility":"","ast-main-header-display":"","ast-hfb-above-header-display":"","ast-hfb-below-header-display":"","ast-hfb-mobile-header-display":"","site-post-title":"","ast-breadcrumbs-content":"","ast-featured-img":"","footer-sml-layout":"","ast-disable-related-posts":"","theme-transparent-header-meta":"","adv-header-id-meta":"","stick-header-meta":"","header-above-stick-meta":"","header-main-stick-meta":"","header-below-stick-meta":"","astra-migrate-meta-layouts":"default","ast-page-background-enabled":"default","ast-page-background-meta":{"desktop":{"background-color":"","background-image":"","background-repeat":"repeat","background-position":"center center","background-size":"auto","background-attachment":"scroll","background-type":"","background-media":"","overlay-type":"","overlay-color":"","overlay-opacity":"","overlay-gradient":""},"tablet":{"background-color":"","background-image":"","background-repeat":"repeat","background-position":"center center","background-size":"auto","background-attachment":"scroll","background-type":"","background-media":"","overlay-type":"","overlay-color":"","overlay-opacity":"","overlay-gradient":""},"mobile":{"background-color":"","background-image":"","background-repeat":"repeat","background-position":"center center","background-size":"auto","background-attachment":"scroll","background-type":"","background-media":"","overlay-type":"","overlay-color":"","overlay-opacity":"","overlay-gradient":""}},"ast-content-background-meta":{"desktop":{"background-color":"var(--ast-global-color-5)","background-image":"","background-repeat":"repeat","background-position":"center center","background-size":"auto","background-attachment":"scroll","background-type":"","background-media":"","overlay-type":"","overlay-color":"","overlay-opacity":"","overlay-gradient":""},"tablet":{"background-color":"var(--ast-global-color-5)","background-image":"","background-repeat":"repeat","background-position":"center center","background-size":"auto","background-attachment":"scroll","background-type":"","background-media":"","overlay-type":"","overlay-color":"","overlay-opacity":"","overlay-gradient":""},"mobile":{"background-color":"var(--ast-global-color-5)","background-image":"","background-repeat":"repeat","background-position":"center center","background-size":"auto","background-attachment":"scroll","background-type":"","background-media":"","overlay-type":"","overlay-color":"","overlay-opacity":"","overlay-gradient":""}},"_joinchat":[]},"product_brand":[],"product_cat":[100],"product_tag":[],"class_list":{"0":"post-19139","1":"product","2":"type-product","3":"status-publish","4":"has-post-thumbnail","6":"product_cat-aislante-electrico","7":"desktop-align-left","8":"tablet-align-left","9":"mobile-align-left","11":"first","12":"instock","13":"featured","14":"taxable","15":"shipping-taxable","16":"purchasable","17":"product-type-simple"},"yoast_head":"<!-- This site is optimized with the Yoast SEO plugin v27.4 - https:\/\/yoast.com\/product\/yoast-seo-wordpress\/ -->\n<title>Plastidip Aislante el\u00e9ctrico l\u00edquido (Electrical) Negro - Technical Racing Products<\/title>\n<meta name=\"robots\" content=\"index, follow, max-snippet:-1, max-image-preview:large, max-video-preview:-1\" \/>\n<link rel=\"canonical\" href=\"https:\/\/www.technicalrp.es\/en\/product\/plastidip-aislante-electrico-liquido-electrical-negro\/\" \/>\n<meta property=\"og:locale\" content=\"en_US\" \/>\n<meta property=\"og:type\" content=\"article\" \/>\n<meta property=\"og:title\" content=\"Plastidip Aislante el\u00e9ctrico l\u00edquido (Electrical) Negro - Technical Racing Products\" \/>\n<meta property=\"og:description\" content=\"Plastidip Aislante el\u00e9ctrico l\u00edquido (Electrical) Negro\" \/>\n<meta property=\"og:url\" content=\"https:\/\/www.technicalrp.es\/en\/product\/plastidip-aislante-electrico-liquido-electrical-negro\/\" \/>\n<meta property=\"og:site_name\" content=\"Technical Racing Products\" \/>\n<meta property=\"article:modified_time\" content=\"2026-05-02T01:01:39+00:00\" \/>\n<meta property=\"og:image\" content=\"https:\/\/www.technicalrp.es\/wp-content\/uploads\/2026\/02\/075815140036.jpg\" \/>\n\t<meta property=\"og:image:width\" content=\"800\" \/>\n\t<meta property=\"og:image:height\" content=\"600\" \/>\n\t<meta property=\"og:image:type\" content=\"image\/jpeg\" \/>\n<meta name=\"twitter:card\" content=\"summary_large_image\" \/>\n<meta name=\"twitter:label1\" content=\"Est. reading time\" \/>\n\t<meta name=\"twitter:data1\" content=\"1 minute\" \/>\n<script type=\"application\/ld+json\" class=\"yoast-schema-graph\">{\"@context\":\"https:\\\/\\\/schema.org\",\"@graph\":[{\"@type\":\"WebPage\",\"@id\":\"https:\\\/\\\/www.technicalrp.es\\\/producto\\\/plastidip-aislante-electrico-liquido-electrical-negro\\\/\",\"url\":\"https:\\\/\\\/www.technicalrp.es\\\/producto\\\/plastidip-aislante-electrico-liquido-electrical-negro\\\/\",\"name\":\"Plastidip Aislante el\u00e9ctrico l\u00edquido (Electrical) Negro - Technical Racing Products\",\"isPartOf\":{\"@id\":\"https:\\\/\\\/www.technicalrp.es\\\/de\\\/#website\"},\"primaryImageOfPage\":{\"@id\":\"https:\\\/\\\/www.technicalrp.es\\\/producto\\\/plastidip-aislante-electrico-liquido-electrical-negro\\\/#primaryimage\"},\"image\":{\"@id\":\"https:\\\/\\\/www.technicalrp.es\\\/producto\\\/plastidip-aislante-electrico-liquido-electrical-negro\\\/#primaryimage\"},\"thumbnailUrl\":\"https:\\\/\\\/www.technicalrp.es\\\/wp-content\\\/uploads\\\/2026\\\/02\\\/075815140036.jpg\",\"datePublished\":\"2020-05-07T05:15:13+00:00\",\"dateModified\":\"2026-05-02T01:01:39+00:00\",\"breadcrumb\":{\"@id\":\"https:\\\/\\\/www.technicalrp.es\\\/producto\\\/plastidip-aislante-electrico-liquido-electrical-negro\\\/#breadcrumb\"},\"inLanguage\":\"en-US\",\"potentialAction\":[{\"@type\":\"ReadAction\",\"target\":[\"https:\\\/\\\/www.technicalrp.es\\\/producto\\\/plastidip-aislante-electrico-liquido-electrical-negro\\\/\"]}]},{\"@type\":\"ImageObject\",\"inLanguage\":\"en-US\",\"@id\":\"https:\\\/\\\/www.technicalrp.es\\\/producto\\\/plastidip-aislante-electrico-liquido-electrical-negro\\\/#primaryimage\",\"url\":\"https:\\\/\\\/www.technicalrp.es\\\/wp-content\\\/uploads\\\/2026\\\/02\\\/075815140036.jpg\",\"contentUrl\":\"https:\\\/\\\/www.technicalrp.es\\\/wp-content\\\/uploads\\\/2026\\\/02\\\/075815140036.jpg\",\"width\":800,\"height\":600,\"caption\":\"Plastidip Aislante el\u00e9ctrico l\u00edquido (Electrical) Negro\"},{\"@type\":\"BreadcrumbList\",\"@id\":\"https:\\\/\\\/www.technicalrp.es\\\/producto\\\/plastidip-aislante-electrico-liquido-electrical-negro\\\/#breadcrumb\",\"itemListElement\":[{\"@type\":\"ListItem\",\"position\":1,\"name\":\"Portada\",\"item\":\"https:\\\/\\\/www.technicalrp.es\\\/\"},{\"@type\":\"ListItem\",\"position\":2,\"name\":\"Tienda\",\"item\":\"https:\\\/\\\/www.technicalrp.es\\\/\"},{\"@type\":\"ListItem\",\"position\":3,\"name\":\"Plastidip Aislante el\u00e9ctrico l\u00edquido (Electrical) Negro\"}]},{\"@type\":\"WebSite\",\"@id\":\"https:\\\/\\\/www.technicalrp.es\\\/de\\\/#website\",\"url\":\"https:\\\/\\\/www.technicalrp.es\\\/de\\\/\",\"name\":\"Technical Racing Products\",\"description\":\"Los especialistas del MiniZ\",\"publisher\":{\"@id\":\"https:\\\/\\\/www.technicalrp.es\\\/de\\\/#organization\"},\"potentialAction\":[{\"@type\":\"SearchAction\",\"target\":{\"@type\":\"EntryPoint\",\"urlTemplate\":\"https:\\\/\\\/www.technicalrp.es\\\/de\\\/?s={search_term_string}\"},\"query-input\":{\"@type\":\"PropertyValueSpecification\",\"valueRequired\":true,\"valueName\":\"search_term_string\"}}],\"inLanguage\":\"en-US\"},{\"@type\":\"Organization\",\"@id\":\"https:\\\/\\\/www.technicalrp.es\\\/de\\\/#organization\",\"name\":\"Technical Racing Products\",\"url\":\"https:\\\/\\\/www.technicalrp.es\\\/de\\\/\",\"logo\":{\"@type\":\"ImageObject\",\"inLanguage\":\"en-US\",\"@id\":\"https:\\\/\\\/www.technicalrp.es\\\/de\\\/#\\\/schema\\\/logo\\\/image\\\/\",\"url\":\"https:\\\/\\\/www.technicalrp.es\\\/wp-content\\\/uploads\\\/2020\\\/01\\\/logo-trp.png\",\"contentUrl\":\"https:\\\/\\\/www.technicalrp.es\\\/wp-content\\\/uploads\\\/2020\\\/01\\\/logo-trp.png\",\"width\":640,\"height\":206,\"caption\":\"Technical Racing Products\"},\"image\":{\"@id\":\"https:\\\/\\\/www.technicalrp.es\\\/de\\\/#\\\/schema\\\/logo\\\/image\\\/\"}}]}<\/script>\n<!-- \/ Yoast SEO plugin. -->","yoast_head_json":{"title":"Plastidip Aislante el\u00e9ctrico l\u00edquido (Electrical) Negro - Technical Racing Products","robots":{"index":"index","follow":"follow","max-snippet":"max-snippet:-1","max-image-preview":"max-image-preview:large","max-video-preview":"max-video-preview:-1"},"canonical":"https:\/\/www.technicalrp.es\/en\/product\/plastidip-aislante-electrico-liquido-electrical-negro\/","og_locale":"en_US","og_type":"article","og_title":"Plastidip Aislante el\u00e9ctrico l\u00edquido (Electrical) Negro - Technical Racing Products","og_description":"Plastidip Aislante el\u00e9ctrico l\u00edquido (Electrical) Negro","og_url":"https:\/\/www.technicalrp.es\/en\/product\/plastidip-aislante-electrico-liquido-electrical-negro\/","og_site_name":"Technical Racing Products","article_modified_time":"2026-05-02T01:01:39+00:00","og_image":[{"width":800,"height":600,"url":"https:\/\/www.technicalrp.es\/wp-content\/uploads\/2026\/02\/075815140036.jpg","type":"image\/jpeg"}],"twitter_card":"summary_large_image","twitter_misc":{"Est. reading time":"1 minute"},"schema":{"@context":"https:\/\/schema.org","@graph":[{"@type":"WebPage","@id":"https:\/\/www.technicalrp.es\/producto\/plastidip-aislante-electrico-liquido-electrical-negro\/","url":"https:\/\/www.technicalrp.es\/producto\/plastidip-aislante-electrico-liquido-electrical-negro\/","name":"Plastidip Aislante el\u00e9ctrico l\u00edquido (Electrical) Negro - Technical Racing Products","isPartOf":{"@id":"https:\/\/www.technicalrp.es\/de\/#website"},"primaryImageOfPage":{"@id":"https:\/\/www.technicalrp.es\/producto\/plastidip-aislante-electrico-liquido-electrical-negro\/#primaryimage"},"image":{"@id":"https:\/\/www.technicalrp.es\/producto\/plastidip-aislante-electrico-liquido-electrical-negro\/#primaryimage"},"thumbnailUrl":"https:\/\/www.technicalrp.es\/wp-content\/uploads\/2026\/02\/075815140036.jpg","datePublished":"2020-05-07T05:15:13+00:00","dateModified":"2026-05-02T01:01:39+00:00","breadcrumb":{"@id":"https:\/\/www.technicalrp.es\/producto\/plastidip-aislante-electrico-liquido-electrical-negro\/#breadcrumb"},"inLanguage":"en-US","potentialAction":[{"@type":"ReadAction","target":["https:\/\/www.technicalrp.es\/producto\/plastidip-aislante-electrico-liquido-electrical-negro\/"]}]},{"@type":"ImageObject","inLanguage":"en-US","@id":"https:\/\/www.technicalrp.es\/producto\/plastidip-aislante-electrico-liquido-electrical-negro\/#primaryimage","url":"https:\/\/www.technicalrp.es\/wp-content\/uploads\/2026\/02\/075815140036.jpg","contentUrl":"https:\/\/www.technicalrp.es\/wp-content\/uploads\/2026\/02\/075815140036.jpg","width":800,"height":600,"caption":"Plastidip Aislante el\u00e9ctrico l\u00edquido (Electrical) Negro"},{"@type":"BreadcrumbList","@id":"https:\/\/www.technicalrp.es\/producto\/plastidip-aislante-electrico-liquido-electrical-negro\/#breadcrumb","itemListElement":[{"@type":"ListItem","position":1,"name":"Portada","item":"https:\/\/www.technicalrp.es\/"},{"@type":"ListItem","position":2,"name":"Tienda","item":"https:\/\/www.technicalrp.es\/"},{"@type":"ListItem","position":3,"name":"Plastidip Aislante el\u00e9ctrico l\u00edquido (Electrical) Negro"}]},{"@type":"WebSite","@id":"https:\/\/www.technicalrp.es\/de\/#website","url":"https:\/\/www.technicalrp.es\/de\/","name":"Technical Racing Products","description":"Los especialistas del MiniZ","publisher":{"@id":"https:\/\/www.technicalrp.es\/de\/#organization"},"potentialAction":[{"@type":"SearchAction","target":{"@type":"EntryPoint","urlTemplate":"https:\/\/www.technicalrp.es\/de\/?s={search_term_string}"},"query-input":{"@type":"PropertyValueSpecification","valueRequired":true,"valueName":"search_term_string"}}],"inLanguage":"en-US"},{"@type":"Organization","@id":"https:\/\/www.technicalrp.es\/de\/#organization","name":"Technical Racing Products","url":"https:\/\/www.technicalrp.es\/de\/","logo":{"@type":"ImageObject","inLanguage":"en-US","@id":"https:\/\/www.technicalrp.es\/de\/#\/schema\/logo\/image\/","url":"https:\/\/www.technicalrp.es\/wp-content\/uploads\/2020\/01\/logo-trp.png","contentUrl":"https:\/\/www.technicalrp.es\/wp-content\/uploads\/2020\/01\/logo-trp.png","width":640,"height":206,"caption":"Technical Racing Products"},"image":{"@id":"https:\/\/www.technicalrp.es\/de\/#\/schema\/logo\/image\/"}}]}},"_links":{"self":[{"href":"https:\/\/www.technicalrp.es\/en\/wp-json\/wp\/v2\/product\/19139","targetHints":{"allow":["GET"]}}],"collection":[{"href":"https:\/\/www.technicalrp.es\/en\/wp-json\/wp\/v2\/product"}],"about":[{"href":"https:\/\/www.technicalrp.es\/en\/wp-json\/wp\/v2\/types\/product"}],"replies":[{"embeddable":true,"href":"https:\/\/www.technicalrp.es\/en\/wp-json\/wp\/v2\/comments?post=19139"}],"wp:featuredmedia":[{"embeddable":true,"href":"https:\/\/www.technicalrp.es\/en\/wp-json\/wp\/v2\/media\/58366"}],"wp:attachment":[{"href":"https:\/\/www.technicalrp.es\/en\/wp-json\/wp\/v2\/media?parent=19139"}],"wp:term":[{"taxonomy":"product_brand","embeddable":true,"href":"https:\/\/www.technicalrp.es\/en\/wp-json\/wp\/v2\/product_brand?post=19139"},{"taxonomy":"product_cat","embeddable":true,"href":"https:\/\/www.technicalrp.es\/en\/wp-json\/wp\/v2\/product_cat?post=19139"},{"taxonomy":"product_tag","embeddable":true,"href":"https:\/\/www.technicalrp.es\/en\/wp-json\/wp\/v2\/product_tag?post=19139"}],"curies":[{"name":"wp","href":"https:\/\/api.w.org\/{rel}","templated":true}]}}