{"id":20544,"date":"2020-05-07T07:08:21","date_gmt":"2020-05-07T06:08:21","guid":{"rendered":"https:\/\/miniz.es\/producto\/jomurema-cargador-de-baterias-lipo-2s-a-1a\/"},"modified":"2025-10-12T21:31:55","modified_gmt":"2025-10-12T20:31:55","slug":"jomurema-cargador-de-baterias-lipo-2s-a-1a","status":"publish","type":"product","link":"https:\/\/www.technicalrp.es\/en\/product\/jomurema-cargador-de-baterias-lipo-2s-a-1a\/","title":{"rendered":"Jomurema Cargador de baterias Lipo 2S a 1A"},"content":{"rendered":"<p>Cargador para bater\u00edas LiPo de 2S, a 1A. Este cargador dispone del conector para cargar de forma balanceadda las bater\u00edas LiPo de 2S (7.4v) y 420mAh (ref. JOM280450) tambi\u00e9n 000fabricadas por Jomurema.<\/p>\n<p>El cargador no necesita fuente de alimentaci\u00f3n, se conecta directamente a la red.<\/p>","protected":false},"excerpt":{"rendered":"<p>Jomurema Cargador de baterias Lipo 2S a 1A<\/p>","protected":false},"featured_media":20543,"comment_status":"open","ping_status":"closed","template":"","meta":{"site-sidebar-layout":"default","site-content-layout":"","ast-site-content-layout":"default","site-content-style":"default","site-sidebar-style":"default","ast-global-header-display":"","ast-banner-title-visibility":"","ast-main-header-display":"","ast-hfb-above-header-display":"","ast-hfb-below-header-display":"","ast-hfb-mobile-header-display":"","site-post-title":"","ast-breadcrumbs-content":"","ast-featured-img":"","footer-sml-layout":"","ast-disable-related-posts":"","theme-transparent-header-meta":"","adv-header-id-meta":"","stick-header-meta":"","header-above-stick-meta":"","header-main-stick-meta":"","header-below-stick-meta":"","astra-migrate-meta-layouts":"default","ast-page-background-enabled":"default","ast-page-background-meta":{"desktop":{"background-color":"","background-image":"","background-repeat":"repeat","background-position":"center center","background-size":"auto","background-attachment":"scroll","background-type":"","background-media":"","overlay-type":"","overlay-color":"","overlay-opacity":"","overlay-gradient":""},"tablet":{"background-color":"","background-image":"","background-repeat":"repeat","background-position":"center center","background-size":"auto","background-attachment":"scroll","background-type":"","background-media":"","overlay-type":"","overlay-color":"","overlay-opacity":"","overlay-gradient":""},"mobile":{"background-color":"","background-image":"","background-repeat":"repeat","background-position":"center center","background-size":"auto","background-attachment":"scroll","background-type":"","background-media":"","overlay-type":"","overlay-color":"","overlay-opacity":"","overlay-gradient":""}},"ast-content-background-meta":{"desktop":{"background-color":"var(--ast-global-color-5)","background-image":"","background-repeat":"repeat","background-position":"center center","background-size":"auto","background-attachment":"scroll","background-type":"","background-media":"","overlay-type":"","overlay-color":"","overlay-opacity":"","overlay-gradient":""},"tablet":{"background-color":"var(--ast-global-color-5)","background-image":"","background-repeat":"repeat","background-position":"center center","background-size":"auto","background-attachment":"scroll","background-type":"","background-media":"","overlay-type":"","overlay-color":"","overlay-opacity":"","overlay-gradient":""},"mobile":{"background-color":"var(--ast-global-color-5)","background-image":"","background-repeat":"repeat","background-position":"center center","background-size":"auto","background-attachment":"scroll","background-type":"","background-media":"","overlay-type":"","overlay-color":"","overlay-opacity":"","overlay-gradient":""}},"_joinchat":[]},"product_brand":[],"product_cat":[280],"product_tag":[],"class_list":{"0":"post-20544","1":"product","2":"type-product","3":"status-publish","4":"has-post-thumbnail","6":"product_cat-jomurema-128","7":"desktop-align-left","8":"tablet-align-left","9":"mobile-align-left","11":"first","12":"instock","13":"taxable","14":"shipping-taxable","15":"purchasable","16":"product-type-simple"},"yoast_head":"<!-- This site is optimized with the Yoast SEO plugin v27.2 - https:\/\/yoast.com\/product\/yoast-seo-wordpress\/ -->\n<title>Jomurema Cargador de baterias Lipo 2S a 1A - Technical Racing Products<\/title>\n<meta name=\"robots\" content=\"index, follow, max-snippet:-1, max-image-preview:large, max-video-preview:-1\" \/>\n<link rel=\"canonical\" href=\"https:\/\/www.technicalrp.es\/en\/product\/jomurema-cargador-de-baterias-lipo-2s-a-1a\/\" \/>\n<meta property=\"og:locale\" content=\"en_US\" \/>\n<meta property=\"og:type\" content=\"article\" \/>\n<meta property=\"og:title\" content=\"Jomurema Cargador de baterias Lipo 2S a 1A - Technical Racing Products\" \/>\n<meta property=\"og:description\" content=\"Jomurema Cargador de baterias Lipo 2S a 1A\" \/>\n<meta property=\"og:url\" content=\"https:\/\/www.technicalrp.es\/en\/product\/jomurema-cargador-de-baterias-lipo-2s-a-1a\/\" \/>\n<meta property=\"og:site_name\" content=\"Technical Racing Products\" \/>\n<meta property=\"article:modified_time\" content=\"2025-10-12T20:31:55+00:00\" \/>\n<meta property=\"og:image\" content=\"https:\/\/www.technicalrp.es\/wp-content\/uploads\/2020\/05\/9009797004513.jpg\" \/>\n\t<meta property=\"og:image:width\" content=\"800\" \/>\n\t<meta property=\"og:image:height\" content=\"600\" \/>\n\t<meta property=\"og:image:type\" content=\"image\/jpeg\" \/>\n<meta name=\"twitter:card\" content=\"summary_large_image\" \/>\n<script type=\"application\/ld+json\" class=\"yoast-schema-graph\">{\"@context\":\"https:\/\/schema.org\",\"@graph\":[{\"@type\":\"WebPage\",\"@id\":\"https:\/\/www.technicalrp.es\/producto\/jomurema-cargador-de-baterias-lipo-2s-a-1a\/\",\"url\":\"https:\/\/www.technicalrp.es\/producto\/jomurema-cargador-de-baterias-lipo-2s-a-1a\/\",\"name\":\"Jomurema Cargador de baterias Lipo 2S a 1A - Technical Racing Products\",\"isPartOf\":{\"@id\":\"https:\/\/www.technicalrp.es\/de\/#website\"},\"primaryImageOfPage\":{\"@id\":\"https:\/\/www.technicalrp.es\/producto\/jomurema-cargador-de-baterias-lipo-2s-a-1a\/#primaryimage\"},\"image\":{\"@id\":\"https:\/\/www.technicalrp.es\/producto\/jomurema-cargador-de-baterias-lipo-2s-a-1a\/#primaryimage\"},\"thumbnailUrl\":\"https:\/\/www.technicalrp.es\/wp-content\/uploads\/2020\/05\/9009797004513.jpg\",\"datePublished\":\"2020-05-07T06:08:21+00:00\",\"dateModified\":\"2025-10-12T20:31:55+00:00\",\"breadcrumb\":{\"@id\":\"https:\/\/www.technicalrp.es\/producto\/jomurema-cargador-de-baterias-lipo-2s-a-1a\/#breadcrumb\"},\"inLanguage\":\"en-US\",\"potentialAction\":[{\"@type\":\"ReadAction\",\"target\":[\"https:\/\/www.technicalrp.es\/producto\/jomurema-cargador-de-baterias-lipo-2s-a-1a\/\"]}]},{\"@type\":\"ImageObject\",\"inLanguage\":\"en-US\",\"@id\":\"https:\/\/www.technicalrp.es\/producto\/jomurema-cargador-de-baterias-lipo-2s-a-1a\/#primaryimage\",\"url\":\"https:\/\/www.technicalrp.es\/wp-content\/uploads\/2020\/05\/9009797004513.jpg\",\"contentUrl\":\"https:\/\/www.technicalrp.es\/wp-content\/uploads\/2020\/05\/9009797004513.jpg\",\"width\":800,\"height\":600,\"caption\":\"Jomurema Cargador de baterias Lipo 2S a 1A\"},{\"@type\":\"BreadcrumbList\",\"@id\":\"https:\/\/www.technicalrp.es\/producto\/jomurema-cargador-de-baterias-lipo-2s-a-1a\/#breadcrumb\",\"itemListElement\":[{\"@type\":\"ListItem\",\"position\":1,\"name\":\"Portada\",\"item\":\"https:\/\/www.technicalrp.es\/\"},{\"@type\":\"ListItem\",\"position\":2,\"name\":\"Tienda\",\"item\":\"https:\/\/www.technicalrp.es\/\"},{\"@type\":\"ListItem\",\"position\":3,\"name\":\"Jomurema Cargador de baterias Lipo 2S a 1A\"}]},{\"@type\":\"WebSite\",\"@id\":\"https:\/\/www.technicalrp.es\/de\/#website\",\"url\":\"https:\/\/www.technicalrp.es\/de\/\",\"name\":\"Technical Racing Products\",\"description\":\"Los especialistas del MiniZ\",\"publisher\":{\"@id\":\"https:\/\/www.technicalrp.es\/de\/#organization\"},\"potentialAction\":[{\"@type\":\"SearchAction\",\"target\":{\"@type\":\"EntryPoint\",\"urlTemplate\":\"https:\/\/www.technicalrp.es\/de\/?s={search_term_string}\"},\"query-input\":{\"@type\":\"PropertyValueSpecification\",\"valueRequired\":true,\"valueName\":\"search_term_string\"}}],\"inLanguage\":\"en-US\"},{\"@type\":\"Organization\",\"@id\":\"https:\/\/www.technicalrp.es\/de\/#organization\",\"name\":\"Technical Racing Products\",\"url\":\"https:\/\/www.technicalrp.es\/de\/\",\"logo\":{\"@type\":\"ImageObject\",\"inLanguage\":\"en-US\",\"@id\":\"https:\/\/www.technicalrp.es\/de\/#\/schema\/logo\/image\/\",\"url\":\"https:\/\/www.technicalrp.es\/wp-content\/uploads\/2020\/01\/logo-trp.png\",\"contentUrl\":\"https:\/\/www.technicalrp.es\/wp-content\/uploads\/2020\/01\/logo-trp.png\",\"width\":640,\"height\":206,\"caption\":\"Technical Racing Products\"},\"image\":{\"@id\":\"https:\/\/www.technicalrp.es\/de\/#\/schema\/logo\/image\/\"}}]}<\/script>\n<!-- \/ Yoast SEO plugin. -->","yoast_head_json":{"title":"Jomurema Cargador de baterias Lipo 2S a 1A - Technical Racing Products","robots":{"index":"index","follow":"follow","max-snippet":"max-snippet:-1","max-image-preview":"max-image-preview:large","max-video-preview":"max-video-preview:-1"},"canonical":"https:\/\/www.technicalrp.es\/en\/product\/jomurema-cargador-de-baterias-lipo-2s-a-1a\/","og_locale":"en_US","og_type":"article","og_title":"Jomurema Cargador de baterias Lipo 2S a 1A - Technical Racing Products","og_description":"Jomurema Cargador de baterias Lipo 2S a 1A","og_url":"https:\/\/www.technicalrp.es\/en\/product\/jomurema-cargador-de-baterias-lipo-2s-a-1a\/","og_site_name":"Technical Racing Products","article_modified_time":"2025-10-12T20:31:55+00:00","og_image":[{"width":800,"height":600,"url":"https:\/\/www.technicalrp.es\/wp-content\/uploads\/2020\/05\/9009797004513.jpg","type":"image\/jpeg"}],"twitter_card":"summary_large_image","schema":{"@context":"https:\/\/schema.org","@graph":[{"@type":"WebPage","@id":"https:\/\/www.technicalrp.es\/producto\/jomurema-cargador-de-baterias-lipo-2s-a-1a\/","url":"https:\/\/www.technicalrp.es\/producto\/jomurema-cargador-de-baterias-lipo-2s-a-1a\/","name":"Jomurema Cargador de baterias Lipo 2S a 1A - Technical Racing Products","isPartOf":{"@id":"https:\/\/www.technicalrp.es\/de\/#website"},"primaryImageOfPage":{"@id":"https:\/\/www.technicalrp.es\/producto\/jomurema-cargador-de-baterias-lipo-2s-a-1a\/#primaryimage"},"image":{"@id":"https:\/\/www.technicalrp.es\/producto\/jomurema-cargador-de-baterias-lipo-2s-a-1a\/#primaryimage"},"thumbnailUrl":"https:\/\/www.technicalrp.es\/wp-content\/uploads\/2020\/05\/9009797004513.jpg","datePublished":"2020-05-07T06:08:21+00:00","dateModified":"2025-10-12T20:31:55+00:00","breadcrumb":{"@id":"https:\/\/www.technicalrp.es\/producto\/jomurema-cargador-de-baterias-lipo-2s-a-1a\/#breadcrumb"},"inLanguage":"en-US","potentialAction":[{"@type":"ReadAction","target":["https:\/\/www.technicalrp.es\/producto\/jomurema-cargador-de-baterias-lipo-2s-a-1a\/"]}]},{"@type":"ImageObject","inLanguage":"en-US","@id":"https:\/\/www.technicalrp.es\/producto\/jomurema-cargador-de-baterias-lipo-2s-a-1a\/#primaryimage","url":"https:\/\/www.technicalrp.es\/wp-content\/uploads\/2020\/05\/9009797004513.jpg","contentUrl":"https:\/\/www.technicalrp.es\/wp-content\/uploads\/2020\/05\/9009797004513.jpg","width":800,"height":600,"caption":"Jomurema Cargador de baterias Lipo 2S a 1A"},{"@type":"BreadcrumbList","@id":"https:\/\/www.technicalrp.es\/producto\/jomurema-cargador-de-baterias-lipo-2s-a-1a\/#breadcrumb","itemListElement":[{"@type":"ListItem","position":1,"name":"Portada","item":"https:\/\/www.technicalrp.es\/"},{"@type":"ListItem","position":2,"name":"Tienda","item":"https:\/\/www.technicalrp.es\/"},{"@type":"ListItem","position":3,"name":"Jomurema Cargador de baterias Lipo 2S a 1A"}]},{"@type":"WebSite","@id":"https:\/\/www.technicalrp.es\/de\/#website","url":"https:\/\/www.technicalrp.es\/de\/","name":"Technical Racing Products","description":"Los especialistas del MiniZ","publisher":{"@id":"https:\/\/www.technicalrp.es\/de\/#organization"},"potentialAction":[{"@type":"SearchAction","target":{"@type":"EntryPoint","urlTemplate":"https:\/\/www.technicalrp.es\/de\/?s={search_term_string}"},"query-input":{"@type":"PropertyValueSpecification","valueRequired":true,"valueName":"search_term_string"}}],"inLanguage":"en-US"},{"@type":"Organization","@id":"https:\/\/www.technicalrp.es\/de\/#organization","name":"Technical Racing Products","url":"https:\/\/www.technicalrp.es\/de\/","logo":{"@type":"ImageObject","inLanguage":"en-US","@id":"https:\/\/www.technicalrp.es\/de\/#\/schema\/logo\/image\/","url":"https:\/\/www.technicalrp.es\/wp-content\/uploads\/2020\/01\/logo-trp.png","contentUrl":"https:\/\/www.technicalrp.es\/wp-content\/uploads\/2020\/01\/logo-trp.png","width":640,"height":206,"caption":"Technical Racing Products"},"image":{"@id":"https:\/\/www.technicalrp.es\/de\/#\/schema\/logo\/image\/"}}]}},"_links":{"self":[{"href":"https:\/\/www.technicalrp.es\/en\/wp-json\/wp\/v2\/product\/20544","targetHints":{"allow":["GET"]}}],"collection":[{"href":"https:\/\/www.technicalrp.es\/en\/wp-json\/wp\/v2\/product"}],"about":[{"href":"https:\/\/www.technicalrp.es\/en\/wp-json\/wp\/v2\/types\/product"}],"replies":[{"embeddable":true,"href":"https:\/\/www.technicalrp.es\/en\/wp-json\/wp\/v2\/comments?post=20544"}],"wp:featuredmedia":[{"embeddable":true,"href":"https:\/\/www.technicalrp.es\/en\/wp-json\/wp\/v2\/media\/20543"}],"wp:attachment":[{"href":"https:\/\/www.technicalrp.es\/en\/wp-json\/wp\/v2\/media?parent=20544"}],"wp:term":[{"taxonomy":"product_brand","embeddable":true,"href":"https:\/\/www.technicalrp.es\/en\/wp-json\/wp\/v2\/product_brand?post=20544"},{"taxonomy":"product_cat","embeddable":true,"href":"https:\/\/www.technicalrp.es\/en\/wp-json\/wp\/v2\/product_cat?post=20544"},{"taxonomy":"product_tag","embeddable":true,"href":"https:\/\/www.technicalrp.es\/en\/wp-json\/wp\/v2\/product_tag?post=20544"}],"curies":[{"name":"wp","href":"https:\/\/api.w.org\/{rel}","templated":true}]}}