{"id":22496,"date":"2020-06-16T11:59:24","date_gmt":"2020-06-16T10:59:24","guid":{"rendered":"http:\/\/www.miniz.es\/?page_id=22496"},"modified":"2021-06-23T08:12:52","modified_gmt":"2021-06-23T07:12:52","slug":"club-miniz-mataro-rcz-mataro","status":"publish","type":"page","link":"https:\/\/www.technicalrp.es\/it\/club-miniz-mataro-rcz-mataro\/","title":{"rendered":"RCZ Matar\u00f3"},"content":{"rendered":"<div data-elementor-type=\"wp-page\" data-elementor-id=\"22496\" class=\"elementor elementor-22496\" data-elementor-post-type=\"page\">\n\t\t\t\t\t\t<section class=\"elementor-section elementor-top-section elementor-element elementor-element-193c1c6 elementor-section-boxed elementor-section-height-default elementor-section-height-default\" data-id=\"193c1c6\" data-element_type=\"section\" data-e-type=\"section\" data-settings=\"{&quot;background_background&quot;:&quot;classic&quot;}\">\n\t\t\t\t\t\t\t<div class=\"elementor-background-overlay\"><\/div>\n\t\t\t\t\t\t\t<div class=\"elementor-container elementor-column-gap-default\">\n\t\t\t\t\t<div class=\"elementor-column elementor-col-100 elementor-top-column elementor-element elementor-element-8ca1a89\" data-id=\"8ca1a89\" data-element_type=\"column\" data-e-type=\"column\">\n\t\t\t<div class=\"elementor-widget-wrap elementor-element-populated\">\n\t\t\t\t\t\t<div class=\"elementor-element elementor-element-a72bc5a elementor-widget elementor-widget-heading\" data-id=\"a72bc5a\" data-element_type=\"widget\" data-e-type=\"widget\" data-widget_type=\"heading.default\">\n\t\t\t\t<div class=\"elementor-widget-container\">\n\t\t\t\t\t<h1 class=\"elementor-heading-title elementor-size-default\">Ficha de club<\/h1>\t\t\t\t<\/div>\n\t\t\t\t<\/div>\n\t\t\t\t\t<\/div>\n\t\t<\/div>\n\t\t\t\t\t<\/div>\n\t\t<\/section>\n\t\t\t\t<section class=\"elementor-section elementor-top-section elementor-element elementor-element-c59a7b1 elementor-section-content-middle elementor-section-boxed elementor-section-height-default elementor-section-height-default\" data-id=\"c59a7b1\" data-element_type=\"section\" data-e-type=\"section\">\n\t\t\t\t\t\t<div class=\"elementor-container elementor-column-gap-no\">\n\t\t\t\t\t<div class=\"elementor-column elementor-col-100 elementor-top-column elementor-element elementor-element-accf9d8\" data-id=\"accf9d8\" data-element_type=\"column\" data-e-type=\"column\">\n\t\t\t<div class=\"elementor-widget-wrap elementor-element-populated\">\n\t\t\t\t\t\t<div class=\"elementor-element elementor-element-d1a7a72 elementor-widget elementor-widget-image\" data-id=\"d1a7a72\" data-element_type=\"widget\" data-e-type=\"widget\" data-widget_type=\"image.default\">\n\t\t\t\t<div class=\"elementor-widget-container\">\n\t\t\t\t\t\t\t\t\t\t\t\t\t\t\t<img decoding=\"async\" width=\"300\" height=\"148\" src=\"https:\/\/www.technicalrp.es\/wp-content\/uploads\/2020\/06\/logo_rczmataro.jpg\" class=\"attachment-large size-large wp-image-22499\" alt=\"logo club mataro rcz mataro\" srcset=\"https:\/\/www.technicalrp.es\/wp-content\/uploads\/2020\/06\/logo_rczmataro.jpg 300w, https:\/\/www.technicalrp.es\/wp-content\/uploads\/2020\/06\/logo_rczmataro-64x32.jpg 64w\" sizes=\"(max-width: 300px) 100vw, 300px\" \/>\t\t\t\t\t\t\t\t\t\t\t\t\t\t\t<\/div>\n\t\t\t\t<\/div>\n\t\t\t\t<div class=\"elementor-element elementor-element-1593d69 elementor-widget elementor-widget-heading\" data-id=\"1593d69\" data-element_type=\"widget\" data-e-type=\"widget\" data-widget_type=\"heading.default\">\n\t\t\t\t<div class=\"elementor-widget-container\">\n\t\t\t\t\t<h2 class=\"elementor-heading-title elementor-size-default\">RCZ Matar\u00f3<\/h2>\t\t\t\t<\/div>\n\t\t\t\t<\/div>\n\t\t\t\t<div class=\"elementor-element elementor-element-315981b elementor-widget elementor-widget-text-editor\" data-id=\"315981b\" data-element_type=\"widget\" data-e-type=\"widget\" data-widget_type=\"text-editor.default\">\n\t\t\t\t<div class=\"elementor-widget-container\">\n\t\t\t\t\t\t\t\t\t<ul><li>Nombre del club: RCZ Matar\u00f3<\/li><li>Direcci\u00f3n: C\/ Sant Antoni 82 &#8211; Matar\u00f3<\/li><li>Contacto: Xavi Fernandez &#8211; 605589799<\/li><li>D\u00edas de apertura: Martes 17h &#8211; 21h y Viernes de 17h a 24h<\/li><li>Cuerda de pista: Desconocido<\/li><li>Superficie: RCP-TRACKS<\/li><li>Capacidad Box: 40 Pilotos<\/li><li>A\u00f1o fundaci\u00f3n: 2009<\/li><li>Chat de Telegram: Desconocido<\/li><li>Piloto con vuelta r\u00e1pida: 9.995 de Pau Calvo<\/li><\/ul>\t\t\t\t\t\t\t\t<\/div>\n\t\t\t\t<\/div>\n\t\t\t\t\t<\/div>\n\t\t<\/div>\n\t\t\t\t\t<\/div>\n\t\t<\/section>\n\t\t\t\t<section class=\"elementor-section elementor-top-section elementor-element elementor-element-66d8c4c elementor-section-full_width elementor-section-height-default elementor-section-height-default\" data-id=\"66d8c4c\" data-element_type=\"section\" data-e-type=\"section\">\n\t\t\t\t\t\t<div class=\"elementor-container elementor-column-gap-default\">\n\t\t\t\t\t<div class=\"elementor-column elementor-col-100 elementor-top-column elementor-element elementor-element-5b5a9fd\" data-id=\"5b5a9fd\" data-element_type=\"column\" data-e-type=\"column\">\n\t\t\t<div class=\"elementor-widget-wrap elementor-element-populated\">\n\t\t\t\t\t\t<div class=\"elementor-element elementor-element-d257c5d elementor-widget elementor-widget-google_maps\" data-id=\"d257c5d\" data-element_type=\"widget\" data-e-type=\"widget\" data-widget_type=\"google_maps.default\">\n\t\t\t\t<div class=\"elementor-widget-container\">\n\t\t\t\t\t\t\t<div class=\"elementor-custom-embed\">\n\t\t\t<iframe loading=\"lazy\"\n\t\t\t\t\tsrc=\"https:\/\/maps.google.com\/maps?q=C%2F%20Sant%20Antoni%2082%20-%20Matar%C3%B3&#038;t=m&#038;z=17&#038;output=embed&#038;iwloc=near\"\n\t\t\t\t\ttitle=\"C\/ Sant Antoni 82 - Matar\u00f3\"\n\t\t\t\t\taria-label=\"C\/ Sant Antoni 82 - Matar\u00f3\"\n\t\t\t><\/iframe>\n\t\t<\/div>\n\t\t\t\t\t\t<\/div>\n\t\t\t\t<\/div>\n\t\t\t\t\t<\/div>\n\t\t<\/div>\n\t\t\t\t\t<\/div>\n\t\t<\/section>\n\t\t\t\t<\/div>","protected":false},"excerpt":{"rendered":"<p>Ficha de club RCZ Matar\u00f3 Nombre del club: RCZ Matar\u00f3 Direcci\u00f3n: C\/ Sant Antoni 82 &#8211; Matar\u00f3 Contacto: Xavi Fernandez &#8211; 605589799 D\u00edas de apertura: Martes 17h &#8211; 21h y Viernes de 17h a 24h Cuerda de pista: Desconocido Superficie: RCP-TRACKS Capacidad Box: 40 Pilotos A\u00f1o fundaci\u00f3n: 2009 Chat de Telegram: Desconocido Piloto con vuelta [&hellip;]<\/p>\n","protected":false},"author":1,"featured_media":0,"parent":0,"menu_order":0,"comment_status":"open","ping_status":"closed","template":"","meta":{"site-sidebar-layout":"no-sidebar","site-content-layout":"page-builder","ast-site-content-layout":"default","site-content-style":"default","site-sidebar-style":"default","ast-global-header-display":"","ast-banner-title-visibility":"","ast-main-header-display":"","ast-hfb-above-header-display":"","ast-hfb-below-header-display":"","ast-hfb-mobile-header-display":"","site-post-title":"disabled","ast-breadcrumbs-content":"","ast-featured-img":"disabled","footer-sml-layout":"","ast-disable-related-posts":"","theme-transparent-header-meta":"default","adv-header-id-meta":"","stick-header-meta":"","header-above-stick-meta":"","header-main-stick-meta":"","header-below-stick-meta":"","astra-migrate-meta-layouts":"default","ast-page-background-enabled":"default","ast-page-background-meta":{"desktop":{"background-color":"","background-image":"","background-repeat":"repeat","background-position":"center center","background-size":"auto","background-attachment":"scroll","background-type":"","background-media":"","overlay-type":"","overlay-color":"","overlay-opacity":"","overlay-gradient":""},"tablet":{"background-color":"","background-image":"","background-repeat":"repeat","background-position":"center center","background-size":"auto","background-attachment":"scroll","background-type":"","background-media":"","overlay-type":"","overlay-color":"","overlay-opacity":"","overlay-gradient":""},"mobile":{"background-color":"","background-image":"","background-repeat":"repeat","background-position":"center center","background-size":"auto","background-attachment":"scroll","background-type":"","background-media":"","overlay-type":"","overlay-color":"","overlay-opacity":"","overlay-gradient":""}},"ast-content-background-meta":{"desktop":{"background-color":"var(--ast-global-color-5)","background-image":"","background-repeat":"repeat","background-position":"center center","background-size":"auto","background-attachment":"scroll","background-type":"","background-media":"","overlay-type":"","overlay-color":"","overlay-opacity":"","overlay-gradient":""},"tablet":{"background-color":"var(--ast-global-color-5)","background-image":"","background-repeat":"repeat","background-position":"center center","background-size":"auto","background-attachment":"scroll","background-type":"","background-media":"","overlay-type":"","overlay-color":"","overlay-opacity":"","overlay-gradient":""},"mobile":{"background-color":"var(--ast-global-color-5)","background-image":"","background-repeat":"repeat","background-position":"center center","background-size":"auto","background-attachment":"scroll","background-type":"","background-media":"","overlay-type":"","overlay-color":"","overlay-opacity":"","overlay-gradient":""}},"_joinchat":[],"footnotes":""},"class_list":["post-22496","page","type-page","status-publish","hentry"],"yoast_head":"<!-- This site is optimized with the Yoast SEO plugin v27.4 - https:\/\/yoast.com\/product\/yoast-seo-wordpress\/ -->\n<title>RCZ Matar\u00f3 - Technical Racing Products<\/title>\n<meta name=\"description\" content=\"Si quieres contactar con el club, aqu\u00ed dispones de toda la informaci\u00f3n relacionada con el Club RCZ Matar\u00f3.\" \/>\n<meta name=\"robots\" content=\"index, follow, max-snippet:-1, max-image-preview:large, max-video-preview:-1\" \/>\n<link rel=\"canonical\" href=\"https:\/\/www.technicalrp.es\/it\/club-miniz-mataro-rcz-mataro\/\" \/>\n<meta property=\"og:locale\" content=\"it_IT\" \/>\n<meta property=\"og:type\" content=\"article\" \/>\n<meta property=\"og:title\" content=\"RCZ Matar\u00f3 - Technical Racing Products\" \/>\n<meta property=\"og:description\" content=\"Si quieres contactar con el club, aqu\u00ed dispones de toda la informaci\u00f3n relacionada con el Club RCZ Matar\u00f3.\" \/>\n<meta property=\"og:url\" content=\"https:\/\/www.technicalrp.es\/it\/club-miniz-mataro-rcz-mataro\/\" \/>\n<meta property=\"og:site_name\" content=\"Technical Racing Products\" \/>\n<meta property=\"article:modified_time\" content=\"2021-06-23T07:12:52+00:00\" \/>\n<meta property=\"og:image\" content=\"https:\/\/www.technicalrp.es\/wp-content\/uploads\/2020\/06\/logo_rczmataro.jpg\" \/>\n<meta name=\"twitter:card\" content=\"summary_large_image\" \/>\n<meta name=\"twitter:label1\" content=\"Tempo di lettura stimato\" \/>\n\t<meta name=\"twitter:data1\" content=\"1 minuto\" \/>\n<script type=\"application\/ld+json\" class=\"yoast-schema-graph\">{\"@context\":\"https:\\\/\\\/schema.org\",\"@graph\":[{\"@type\":\"WebPage\",\"@id\":\"https:\\\/\\\/www.technicalrp.es\\\/club-miniz-mataro-rcz-mataro\\\/\",\"url\":\"https:\\\/\\\/www.technicalrp.es\\\/club-miniz-mataro-rcz-mataro\\\/\",\"name\":\"RCZ Matar\u00f3 - Technical Racing Products\",\"isPartOf\":{\"@id\":\"https:\\\/\\\/www.technicalrp.es\\\/de\\\/#website\"},\"primaryImageOfPage\":{\"@id\":\"https:\\\/\\\/www.technicalrp.es\\\/club-miniz-mataro-rcz-mataro\\\/#primaryimage\"},\"image\":{\"@id\":\"https:\\\/\\\/www.technicalrp.es\\\/club-miniz-mataro-rcz-mataro\\\/#primaryimage\"},\"thumbnailUrl\":\"https:\\\/\\\/www.technicalrp.es\\\/wp-content\\\/uploads\\\/2020\\\/06\\\/logo_rczmataro.jpg\",\"datePublished\":\"2020-06-16T10:59:24+00:00\",\"dateModified\":\"2021-06-23T07:12:52+00:00\",\"description\":\"Si quieres contactar con el club, aqu\u00ed dispones de toda la informaci\u00f3n relacionada con el Club RCZ Matar\u00f3.\",\"breadcrumb\":{\"@id\":\"https:\\\/\\\/www.technicalrp.es\\\/club-miniz-mataro-rcz-mataro\\\/#breadcrumb\"},\"inLanguage\":\"it-IT\",\"potentialAction\":[{\"@type\":\"ReadAction\",\"target\":[\"https:\\\/\\\/www.technicalrp.es\\\/club-miniz-mataro-rcz-mataro\\\/\"]}]},{\"@type\":\"ImageObject\",\"inLanguage\":\"it-IT\",\"@id\":\"https:\\\/\\\/www.technicalrp.es\\\/club-miniz-mataro-rcz-mataro\\\/#primaryimage\",\"url\":\"https:\\\/\\\/www.technicalrp.es\\\/wp-content\\\/uploads\\\/2020\\\/06\\\/logo_rczmataro.jpg\",\"contentUrl\":\"https:\\\/\\\/www.technicalrp.es\\\/wp-content\\\/uploads\\\/2020\\\/06\\\/logo_rczmataro.jpg\"},{\"@type\":\"BreadcrumbList\",\"@id\":\"https:\\\/\\\/www.technicalrp.es\\\/club-miniz-mataro-rcz-mataro\\\/#breadcrumb\",\"itemListElement\":[{\"@type\":\"ListItem\",\"position\":1,\"name\":\"Portada\",\"item\":\"https:\\\/\\\/www.technicalrp.es\\\/\"},{\"@type\":\"ListItem\",\"position\":2,\"name\":\"RCZ Matar\u00f3\"}]},{\"@type\":\"WebSite\",\"@id\":\"https:\\\/\\\/www.technicalrp.es\\\/de\\\/#website\",\"url\":\"https:\\\/\\\/www.technicalrp.es\\\/de\\\/\",\"name\":\"Technical Racing Products\",\"description\":\"Los especialistas del MiniZ\",\"publisher\":{\"@id\":\"https:\\\/\\\/www.technicalrp.es\\\/de\\\/#organization\"},\"potentialAction\":[{\"@type\":\"SearchAction\",\"target\":{\"@type\":\"EntryPoint\",\"urlTemplate\":\"https:\\\/\\\/www.technicalrp.es\\\/de\\\/?s={search_term_string}\"},\"query-input\":{\"@type\":\"PropertyValueSpecification\",\"valueRequired\":true,\"valueName\":\"search_term_string\"}}],\"inLanguage\":\"it-IT\"},{\"@type\":\"Organization\",\"@id\":\"https:\\\/\\\/www.technicalrp.es\\\/de\\\/#organization\",\"name\":\"Technical Racing Products\",\"url\":\"https:\\\/\\\/www.technicalrp.es\\\/de\\\/\",\"logo\":{\"@type\":\"ImageObject\",\"inLanguage\":\"it-IT\",\"@id\":\"https:\\\/\\\/www.technicalrp.es\\\/de\\\/#\\\/schema\\\/logo\\\/image\\\/\",\"url\":\"https:\\\/\\\/www.technicalrp.es\\\/wp-content\\\/uploads\\\/2020\\\/01\\\/logo-trp.png\",\"contentUrl\":\"https:\\\/\\\/www.technicalrp.es\\\/wp-content\\\/uploads\\\/2020\\\/01\\\/logo-trp.png\",\"width\":640,\"height\":206,\"caption\":\"Technical Racing Products\"},\"image\":{\"@id\":\"https:\\\/\\\/www.technicalrp.es\\\/de\\\/#\\\/schema\\\/logo\\\/image\\\/\"}}]}<\/script>\n<!-- \/ Yoast SEO plugin. -->","yoast_head_json":{"title":"RCZ Matar\u00f3 - Technical Racing Products","description":"Si quieres contactar con el club, aqu\u00ed dispones de toda la informaci\u00f3n relacionada con el Club RCZ Matar\u00f3.","robots":{"index":"index","follow":"follow","max-snippet":"max-snippet:-1","max-image-preview":"max-image-preview:large","max-video-preview":"max-video-preview:-1"},"canonical":"https:\/\/www.technicalrp.es\/it\/club-miniz-mataro-rcz-mataro\/","og_locale":"it_IT","og_type":"article","og_title":"RCZ Matar\u00f3 - Technical Racing Products","og_description":"Si quieres contactar con el club, aqu\u00ed dispones de toda la informaci\u00f3n relacionada con el Club RCZ Matar\u00f3.","og_url":"https:\/\/www.technicalrp.es\/it\/club-miniz-mataro-rcz-mataro\/","og_site_name":"Technical Racing Products","article_modified_time":"2021-06-23T07:12:52+00:00","og_image":[{"url":"https:\/\/www.technicalrp.es\/wp-content\/uploads\/2020\/06\/logo_rczmataro.jpg","type":"","width":"","height":""}],"twitter_card":"summary_large_image","twitter_misc":{"Tempo di lettura stimato":"1 minuto"},"schema":{"@context":"https:\/\/schema.org","@graph":[{"@type":"WebPage","@id":"https:\/\/www.technicalrp.es\/club-miniz-mataro-rcz-mataro\/","url":"https:\/\/www.technicalrp.es\/club-miniz-mataro-rcz-mataro\/","name":"RCZ Matar\u00f3 - Technical Racing Products","isPartOf":{"@id":"https:\/\/www.technicalrp.es\/de\/#website"},"primaryImageOfPage":{"@id":"https:\/\/www.technicalrp.es\/club-miniz-mataro-rcz-mataro\/#primaryimage"},"image":{"@id":"https:\/\/www.technicalrp.es\/club-miniz-mataro-rcz-mataro\/#primaryimage"},"thumbnailUrl":"https:\/\/www.technicalrp.es\/wp-content\/uploads\/2020\/06\/logo_rczmataro.jpg","datePublished":"2020-06-16T10:59:24+00:00","dateModified":"2021-06-23T07:12:52+00:00","description":"Si quieres contactar con el club, aqu\u00ed dispones de toda la informaci\u00f3n relacionada con el Club RCZ Matar\u00f3.","breadcrumb":{"@id":"https:\/\/www.technicalrp.es\/club-miniz-mataro-rcz-mataro\/#breadcrumb"},"inLanguage":"it-IT","potentialAction":[{"@type":"ReadAction","target":["https:\/\/www.technicalrp.es\/club-miniz-mataro-rcz-mataro\/"]}]},{"@type":"ImageObject","inLanguage":"it-IT","@id":"https:\/\/www.technicalrp.es\/club-miniz-mataro-rcz-mataro\/#primaryimage","url":"https:\/\/www.technicalrp.es\/wp-content\/uploads\/2020\/06\/logo_rczmataro.jpg","contentUrl":"https:\/\/www.technicalrp.es\/wp-content\/uploads\/2020\/06\/logo_rczmataro.jpg"},{"@type":"BreadcrumbList","@id":"https:\/\/www.technicalrp.es\/club-miniz-mataro-rcz-mataro\/#breadcrumb","itemListElement":[{"@type":"ListItem","position":1,"name":"Portada","item":"https:\/\/www.technicalrp.es\/"},{"@type":"ListItem","position":2,"name":"RCZ Matar\u00f3"}]},{"@type":"WebSite","@id":"https:\/\/www.technicalrp.es\/de\/#website","url":"https:\/\/www.technicalrp.es\/de\/","name":"Technical Racing Products","description":"Los especialistas del MiniZ","publisher":{"@id":"https:\/\/www.technicalrp.es\/de\/#organization"},"potentialAction":[{"@type":"SearchAction","target":{"@type":"EntryPoint","urlTemplate":"https:\/\/www.technicalrp.es\/de\/?s={search_term_string}"},"query-input":{"@type":"PropertyValueSpecification","valueRequired":true,"valueName":"search_term_string"}}],"inLanguage":"it-IT"},{"@type":"Organization","@id":"https:\/\/www.technicalrp.es\/de\/#organization","name":"Technical Racing Products","url":"https:\/\/www.technicalrp.es\/de\/","logo":{"@type":"ImageObject","inLanguage":"it-IT","@id":"https:\/\/www.technicalrp.es\/de\/#\/schema\/logo\/image\/","url":"https:\/\/www.technicalrp.es\/wp-content\/uploads\/2020\/01\/logo-trp.png","contentUrl":"https:\/\/www.technicalrp.es\/wp-content\/uploads\/2020\/01\/logo-trp.png","width":640,"height":206,"caption":"Technical Racing Products"},"image":{"@id":"https:\/\/www.technicalrp.es\/de\/#\/schema\/logo\/image\/"}}]}},"_links":{"self":[{"href":"https:\/\/www.technicalrp.es\/it\/wp-json\/wp\/v2\/pages\/22496","targetHints":{"allow":["GET"]}}],"collection":[{"href":"https:\/\/www.technicalrp.es\/it\/wp-json\/wp\/v2\/pages"}],"about":[{"href":"https:\/\/www.technicalrp.es\/it\/wp-json\/wp\/v2\/types\/page"}],"author":[{"embeddable":true,"href":"https:\/\/www.technicalrp.es\/it\/wp-json\/wp\/v2\/users\/1"}],"replies":[{"embeddable":true,"href":"https:\/\/www.technicalrp.es\/it\/wp-json\/wp\/v2\/comments?post=22496"}],"version-history":[{"count":11,"href":"https:\/\/www.technicalrp.es\/it\/wp-json\/wp\/v2\/pages\/22496\/revisions"}],"predecessor-version":[{"id":51416,"href":"https:\/\/www.technicalrp.es\/it\/wp-json\/wp\/v2\/pages\/22496\/revisions\/51416"}],"wp:attachment":[{"href":"https:\/\/www.technicalrp.es\/it\/wp-json\/wp\/v2\/media?parent=22496"}],"curies":[{"name":"wp","href":"https:\/\/api.w.org\/{rel}","templated":true}]}}