{"id":13564,"date":"2020-05-07T02:29:22","date_gmt":"2020-05-07T01:29:22","guid":{"rendered":"https:\/\/miniz.es\/producto\/kyosho-miniz-buggy-diferencial-a-bolas-regulable\/"},"modified":"2025-02-21T13:00:07","modified_gmt":"2025-02-21T12:00:07","slug":"kyosho-miniz-buggy-diferencial-a-bolas-regulable","status":"publish","type":"product","link":"https:\/\/www.technicalrp.es\/it\/prodotto\/kyosho-miniz-buggy-diferencial-a-bolas-regulable\/","title":{"rendered":"Kyosho MiniZ Buggy Diferencial a bolas regulable"},"content":{"rendered":"<p>Diferencial opcional a bolas, ajustable, para el Kyosho Mini-Z Buggy. El diferencial se suministra con arandelas calibradas de precisi\u00f3n (de 0.1, 0.2, y 0.3), que nos permitir\u00e1n centrarlo en la bancada de diferencial y asegurar as\u00ed un buen ataque del pi\u00f1on del eje central al diferencial.<\/p>\n<p>Este diferencial, mediante la llave que se suministra, nos permite que modifiquemos su tacto. Podemos apretarlo, con lo que tendremos un diferencial duro, practicamente sin efecto diferencial (muy recomendable para superf\u00edcies con mucha adherencia), o podemos aflojarlo, obteniendo un diferencial muy suave, que patine ligeramente, y por tanto, muy bueno para superf\u00edcies poco adherentes.<\/p>","protected":false},"excerpt":{"rendered":"<p>Kyosho MiniZ Buggy Diferencial a bolas regulable                <\/p>","protected":false},"featured_media":13563,"comment_status":"open","ping_status":"closed","template":"","meta":{"site-sidebar-layout":"default","site-content-layout":"default","ast-site-content-layout":"default","site-content-style":"default","site-sidebar-style":"default","ast-global-header-display":"","ast-banner-title-visibility":"","ast-main-header-display":"","ast-hfb-above-header-display":"","ast-hfb-below-header-display":"","ast-hfb-mobile-header-display":"","site-post-title":"","ast-breadcrumbs-content":"","ast-featured-img":"","footer-sml-layout":"","ast-disable-related-posts":"","theme-transparent-header-meta":"default","adv-header-id-meta":"","stick-header-meta":"","header-above-stick-meta":"","header-main-stick-meta":"","header-below-stick-meta":"","astra-migrate-meta-layouts":"default","ast-page-background-enabled":"default","ast-page-background-meta":{"desktop":{"background-color":"","background-image":"","background-repeat":"repeat","background-position":"center center","background-size":"auto","background-attachment":"scroll","background-type":"","background-media":"","overlay-type":"","overlay-color":"","overlay-opacity":"","overlay-gradient":""},"tablet":{"background-color":"","background-image":"","background-repeat":"repeat","background-position":"center center","background-size":"auto","background-attachment":"scroll","background-type":"","background-media":"","overlay-type":"","overlay-color":"","overlay-opacity":"","overlay-gradient":""},"mobile":{"background-color":"","background-image":"","background-repeat":"repeat","background-position":"center center","background-size":"auto","background-attachment":"scroll","background-type":"","background-media":"","overlay-type":"","overlay-color":"","overlay-opacity":"","overlay-gradient":""}},"ast-content-background-meta":{"desktop":{"background-color":"var(--ast-global-color-5)","background-image":"","background-repeat":"repeat","background-position":"center center","background-size":"auto","background-attachment":"scroll","background-type":"","background-media":"","overlay-type":"","overlay-color":"","overlay-opacity":"","overlay-gradient":""},"tablet":{"background-color":"var(--ast-global-color-5)","background-image":"","background-repeat":"repeat","background-position":"center center","background-size":"auto","background-attachment":"scroll","background-type":"","background-media":"","overlay-type":"","overlay-color":"","overlay-opacity":"","overlay-gradient":""},"mobile":{"background-color":"var(--ast-global-color-5)","background-image":"","background-repeat":"repeat","background-position":"center center","background-size":"auto","background-attachment":"scroll","background-type":"","background-media":"","overlay-type":"","overlay-color":"","overlay-opacity":"","overlay-gradient":""}},"_joinchat":[]},"product_brand":[],"product_cat":[],"product_tag":[],"class_list":{"0":"post-13564","1":"product","2":"type-product","3":"status-publish","4":"has-post-thumbnail","6":"desktop-align-left","7":"tablet-align-left","8":"mobile-align-left","10":"first","11":"instock","12":"taxable","13":"shipping-taxable","14":"purchasable","15":"product-type-simple"},"yoast_head":"<!-- This site is optimized with the Yoast SEO plugin v27.2 - https:\/\/yoast.com\/product\/yoast-seo-wordpress\/ -->\n<title>Kyosho MiniZ Buggy Diferencial a bolas regulable - Technical Racing Products<\/title>\n<meta name=\"description\" content=\"Diferencial opcional a bolas, ajustable, para Kyosho MiniZ Buggy. El diferencial se suministra con arandelas calibradas de precisi\u00f3n.\" \/>\n<meta name=\"robots\" content=\"index, follow, max-snippet:-1, max-image-preview:large, max-video-preview:-1\" \/>\n<link rel=\"canonical\" href=\"https:\/\/www.technicalrp.es\/it\/prodotto\/kyosho-miniz-buggy-diferencial-a-bolas-regulable\/\" \/>\n<meta property=\"og:locale\" content=\"it_IT\" \/>\n<meta property=\"og:type\" content=\"article\" \/>\n<meta property=\"og:title\" content=\"Kyosho MiniZ Buggy Diferencial a bolas regulable - Technical Racing Products\" \/>\n<meta property=\"og:description\" content=\"Diferencial opcional a bolas, ajustable, para Kyosho MiniZ Buggy. El diferencial se suministra con arandelas calibradas de precisi\u00f3n.\" \/>\n<meta property=\"og:url\" content=\"https:\/\/www.technicalrp.es\/it\/prodotto\/kyosho-miniz-buggy-diferencial-a-bolas-regulable\/\" \/>\n<meta property=\"og:site_name\" content=\"Technical Racing Products\" \/>\n<meta property=\"article:modified_time\" content=\"2025-02-21T12:00:07+00:00\" \/>\n<meta property=\"og:image\" content=\"https:\/\/www.technicalrp.es\/wp-content\/uploads\/2020\/05\/4548565197552.jpg\" \/>\n\t<meta property=\"og:image:width\" content=\"800\" \/>\n\t<meta property=\"og:image:height\" content=\"600\" \/>\n\t<meta property=\"og:image:type\" content=\"image\/jpeg\" \/>\n<meta name=\"twitter:card\" content=\"summary_large_image\" \/>\n<meta name=\"twitter:label1\" content=\"Tempo di lettura stimato\" \/>\n\t<meta name=\"twitter:data1\" content=\"1 minuto\" \/>\n<script type=\"application\/ld+json\" class=\"yoast-schema-graph\">{\"@context\":\"https:\/\/schema.org\",\"@graph\":[{\"@type\":\"WebPage\",\"@id\":\"https:\/\/www.technicalrp.es\/producto\/kyosho-miniz-buggy-diferencial-a-bolas-regulable\/\",\"url\":\"https:\/\/www.technicalrp.es\/producto\/kyosho-miniz-buggy-diferencial-a-bolas-regulable\/\",\"name\":\"Kyosho MiniZ Buggy Diferencial a bolas regulable - Technical Racing Products\",\"isPartOf\":{\"@id\":\"https:\/\/www.technicalrp.es\/de\/#website\"},\"primaryImageOfPage\":{\"@id\":\"https:\/\/www.technicalrp.es\/producto\/kyosho-miniz-buggy-diferencial-a-bolas-regulable\/#primaryimage\"},\"image\":{\"@id\":\"https:\/\/www.technicalrp.es\/producto\/kyosho-miniz-buggy-diferencial-a-bolas-regulable\/#primaryimage\"},\"thumbnailUrl\":\"https:\/\/www.technicalrp.es\/wp-content\/uploads\/2020\/05\/4548565197552.jpg\",\"datePublished\":\"2020-05-07T01:29:22+00:00\",\"dateModified\":\"2025-02-21T12:00:07+00:00\",\"description\":\"Diferencial opcional a bolas, ajustable, para Kyosho MiniZ Buggy. El diferencial se suministra con arandelas calibradas de precisi\u00f3n.\",\"breadcrumb\":{\"@id\":\"https:\/\/www.technicalrp.es\/producto\/kyosho-miniz-buggy-diferencial-a-bolas-regulable\/#breadcrumb\"},\"inLanguage\":\"it-IT\",\"potentialAction\":[{\"@type\":\"ReadAction\",\"target\":[\"https:\/\/www.technicalrp.es\/producto\/kyosho-miniz-buggy-diferencial-a-bolas-regulable\/\"]}]},{\"@type\":\"ImageObject\",\"inLanguage\":\"it-IT\",\"@id\":\"https:\/\/www.technicalrp.es\/producto\/kyosho-miniz-buggy-diferencial-a-bolas-regulable\/#primaryimage\",\"url\":\"https:\/\/www.technicalrp.es\/wp-content\/uploads\/2020\/05\/4548565197552.jpg\",\"contentUrl\":\"https:\/\/www.technicalrp.es\/wp-content\/uploads\/2020\/05\/4548565197552.jpg\",\"width\":800,\"height\":600,\"caption\":\"Kyosho MiniZ Buggy Diferencial a bolas regulable\"},{\"@type\":\"BreadcrumbList\",\"@id\":\"https:\/\/www.technicalrp.es\/producto\/kyosho-miniz-buggy-diferencial-a-bolas-regulable\/#breadcrumb\",\"itemListElement\":[{\"@type\":\"ListItem\",\"position\":1,\"name\":\"Portada\",\"item\":\"https:\/\/www.technicalrp.es\/\"},{\"@type\":\"ListItem\",\"position\":2,\"name\":\"Tienda\",\"item\":\"https:\/\/www.technicalrp.es\/\"},{\"@type\":\"ListItem\",\"position\":3,\"name\":\"Kyosho MiniZ Buggy Diferencial a bolas regulable\"}]},{\"@type\":\"WebSite\",\"@id\":\"https:\/\/www.technicalrp.es\/de\/#website\",\"url\":\"https:\/\/www.technicalrp.es\/de\/\",\"name\":\"Technical Racing Products\",\"description\":\"Los especialistas del MiniZ\",\"publisher\":{\"@id\":\"https:\/\/www.technicalrp.es\/de\/#organization\"},\"potentialAction\":[{\"@type\":\"SearchAction\",\"target\":{\"@type\":\"EntryPoint\",\"urlTemplate\":\"https:\/\/www.technicalrp.es\/de\/?s={search_term_string}\"},\"query-input\":{\"@type\":\"PropertyValueSpecification\",\"valueRequired\":true,\"valueName\":\"search_term_string\"}}],\"inLanguage\":\"it-IT\"},{\"@type\":\"Organization\",\"@id\":\"https:\/\/www.technicalrp.es\/de\/#organization\",\"name\":\"Technical Racing Products\",\"url\":\"https:\/\/www.technicalrp.es\/de\/\",\"logo\":{\"@type\":\"ImageObject\",\"inLanguage\":\"it-IT\",\"@id\":\"https:\/\/www.technicalrp.es\/de\/#\/schema\/logo\/image\/\",\"url\":\"https:\/\/www.technicalrp.es\/wp-content\/uploads\/2020\/01\/logo-trp.png\",\"contentUrl\":\"https:\/\/www.technicalrp.es\/wp-content\/uploads\/2020\/01\/logo-trp.png\",\"width\":640,\"height\":206,\"caption\":\"Technical Racing Products\"},\"image\":{\"@id\":\"https:\/\/www.technicalrp.es\/de\/#\/schema\/logo\/image\/\"}}]}<\/script>\n<!-- \/ Yoast SEO plugin. -->","yoast_head_json":{"title":"Kyosho MiniZ Buggy Diferencial a bolas regulable - Technical Racing Products","description":"Diferencial opcional a bolas, ajustable, para Kyosho MiniZ Buggy. El diferencial se suministra con arandelas calibradas de precisi\u00f3n.","robots":{"index":"index","follow":"follow","max-snippet":"max-snippet:-1","max-image-preview":"max-image-preview:large","max-video-preview":"max-video-preview:-1"},"canonical":"https:\/\/www.technicalrp.es\/it\/prodotto\/kyosho-miniz-buggy-diferencial-a-bolas-regulable\/","og_locale":"it_IT","og_type":"article","og_title":"Kyosho MiniZ Buggy Diferencial a bolas regulable - Technical Racing Products","og_description":"Diferencial opcional a bolas, ajustable, para Kyosho MiniZ Buggy. El diferencial se suministra con arandelas calibradas de precisi\u00f3n.","og_url":"https:\/\/www.technicalrp.es\/it\/prodotto\/kyosho-miniz-buggy-diferencial-a-bolas-regulable\/","og_site_name":"Technical Racing Products","article_modified_time":"2025-02-21T12:00:07+00:00","og_image":[{"width":800,"height":600,"url":"https:\/\/www.technicalrp.es\/wp-content\/uploads\/2020\/05\/4548565197552.jpg","type":"image\/jpeg"}],"twitter_card":"summary_large_image","twitter_misc":{"Tempo di lettura stimato":"1 minuto"},"schema":{"@context":"https:\/\/schema.org","@graph":[{"@type":"WebPage","@id":"https:\/\/www.technicalrp.es\/producto\/kyosho-miniz-buggy-diferencial-a-bolas-regulable\/","url":"https:\/\/www.technicalrp.es\/producto\/kyosho-miniz-buggy-diferencial-a-bolas-regulable\/","name":"Kyosho MiniZ Buggy Diferencial a bolas regulable - Technical Racing Products","isPartOf":{"@id":"https:\/\/www.technicalrp.es\/de\/#website"},"primaryImageOfPage":{"@id":"https:\/\/www.technicalrp.es\/producto\/kyosho-miniz-buggy-diferencial-a-bolas-regulable\/#primaryimage"},"image":{"@id":"https:\/\/www.technicalrp.es\/producto\/kyosho-miniz-buggy-diferencial-a-bolas-regulable\/#primaryimage"},"thumbnailUrl":"https:\/\/www.technicalrp.es\/wp-content\/uploads\/2020\/05\/4548565197552.jpg","datePublished":"2020-05-07T01:29:22+00:00","dateModified":"2025-02-21T12:00:07+00:00","description":"Diferencial opcional a bolas, ajustable, para Kyosho MiniZ Buggy. El diferencial se suministra con arandelas calibradas de precisi\u00f3n.","breadcrumb":{"@id":"https:\/\/www.technicalrp.es\/producto\/kyosho-miniz-buggy-diferencial-a-bolas-regulable\/#breadcrumb"},"inLanguage":"it-IT","potentialAction":[{"@type":"ReadAction","target":["https:\/\/www.technicalrp.es\/producto\/kyosho-miniz-buggy-diferencial-a-bolas-regulable\/"]}]},{"@type":"ImageObject","inLanguage":"it-IT","@id":"https:\/\/www.technicalrp.es\/producto\/kyosho-miniz-buggy-diferencial-a-bolas-regulable\/#primaryimage","url":"https:\/\/www.technicalrp.es\/wp-content\/uploads\/2020\/05\/4548565197552.jpg","contentUrl":"https:\/\/www.technicalrp.es\/wp-content\/uploads\/2020\/05\/4548565197552.jpg","width":800,"height":600,"caption":"Kyosho MiniZ Buggy Diferencial a bolas regulable"},{"@type":"BreadcrumbList","@id":"https:\/\/www.technicalrp.es\/producto\/kyosho-miniz-buggy-diferencial-a-bolas-regulable\/#breadcrumb","itemListElement":[{"@type":"ListItem","position":1,"name":"Portada","item":"https:\/\/www.technicalrp.es\/"},{"@type":"ListItem","position":2,"name":"Tienda","item":"https:\/\/www.technicalrp.es\/"},{"@type":"ListItem","position":3,"name":"Kyosho MiniZ Buggy Diferencial a bolas regulable"}]},{"@type":"WebSite","@id":"https:\/\/www.technicalrp.es\/de\/#website","url":"https:\/\/www.technicalrp.es\/de\/","name":"Technical Racing Products","description":"Los especialistas del MiniZ","publisher":{"@id":"https:\/\/www.technicalrp.es\/de\/#organization"},"potentialAction":[{"@type":"SearchAction","target":{"@type":"EntryPoint","urlTemplate":"https:\/\/www.technicalrp.es\/de\/?s={search_term_string}"},"query-input":{"@type":"PropertyValueSpecification","valueRequired":true,"valueName":"search_term_string"}}],"inLanguage":"it-IT"},{"@type":"Organization","@id":"https:\/\/www.technicalrp.es\/de\/#organization","name":"Technical Racing Products","url":"https:\/\/www.technicalrp.es\/de\/","logo":{"@type":"ImageObject","inLanguage":"it-IT","@id":"https:\/\/www.technicalrp.es\/de\/#\/schema\/logo\/image\/","url":"https:\/\/www.technicalrp.es\/wp-content\/uploads\/2020\/01\/logo-trp.png","contentUrl":"https:\/\/www.technicalrp.es\/wp-content\/uploads\/2020\/01\/logo-trp.png","width":640,"height":206,"caption":"Technical Racing Products"},"image":{"@id":"https:\/\/www.technicalrp.es\/de\/#\/schema\/logo\/image\/"}}]}},"_links":{"self":[{"href":"https:\/\/www.technicalrp.es\/it\/wp-json\/wp\/v2\/product\/13564","targetHints":{"allow":["GET"]}}],"collection":[{"href":"https:\/\/www.technicalrp.es\/it\/wp-json\/wp\/v2\/product"}],"about":[{"href":"https:\/\/www.technicalrp.es\/it\/wp-json\/wp\/v2\/types\/product"}],"replies":[{"embeddable":true,"href":"https:\/\/www.technicalrp.es\/it\/wp-json\/wp\/v2\/comments?post=13564"}],"wp:featuredmedia":[{"embeddable":true,"href":"https:\/\/www.technicalrp.es\/it\/wp-json\/wp\/v2\/media\/13563"}],"wp:attachment":[{"href":"https:\/\/www.technicalrp.es\/it\/wp-json\/wp\/v2\/media?parent=13564"}],"wp:term":[{"taxonomy":"product_brand","embeddable":true,"href":"https:\/\/www.technicalrp.es\/it\/wp-json\/wp\/v2\/product_brand?post=13564"},{"taxonomy":"product_cat","embeddable":true,"href":"https:\/\/www.technicalrp.es\/it\/wp-json\/wp\/v2\/product_cat?post=13564"},{"taxonomy":"product_tag","embeddable":true,"href":"https:\/\/www.technicalrp.es\/it\/wp-json\/wp\/v2\/product_tag?post=13564"}],"curies":[{"name":"wp","href":"https:\/\/api.w.org\/{rel}","templated":true}]}}