{"id":7830,"date":"2020-05-06T22:45:24","date_gmt":"2020-05-06T21:45:24","guid":{"rendered":"https:\/\/miniz.es\/producto\/plastidip-vinilo-liquido-spray-efecto-rojo-metalico\/"},"modified":"2026-02-22T14:05:13","modified_gmt":"2026-02-22T13:05:13","slug":"plastidip-vinilo-liquido-spray-efecto-rojo-metalico","status":"publish","type":"product","link":"https:\/\/www.technicalrp.es\/it\/prodotto\/plastidip-vinilo-liquido-spray-efecto-rojo-metalico\/","title":{"rendered":"Plastidip Vinilo l\u00edquido Spray Efecto Rojo Met\u00e1lico"},"content":{"rendered":"<p style=\"text-align:justify\">Bote de pintura en Spray (400ml) de PLASTI DIP en color Efecto Rojo Metal (formato USA).<\/p>\n<p>Los botes de Pintura Plasti Dip denoinados &quot;Efectos&quot;, tienen la misma composici&oacute;n y las mismas caracter&iacute;sticas que los colores b&aacute;sicos Plasti Dip, y est&aacute;n pensados para conseguir diferentes tonalidades al pulverizarlo sobre los colores b&aacute;sicos de Plasti Dip.<\/p>\n<p style=\"text-align:justify\">Esta pintura se utiliza para recubrir objetos y protegerlos de las inclemencias del tiempo (agua), del los rayos UV, etc. Una vez seco permanece flexible y completamente inoloro.<\/p>\n<p style=\"text-align:justify\">Es a prueba de agua.<\/p>\n<p style=\"text-align:justify\">Las pinturas PLASTI DIP, una vez secas, se pueden quitar tirando de ellas, como si se tratara de una fina pel&iacute;cula adhesiva. No necesitamos lijar la pieza ni utilizar ning&uacute;n tipo de disolvente para el despintado.<\/p>\n<p style=\"text-align:justify\">La goma l&iacute;quida PLASTI DIP forma una capa protectora, de caucho, muy &uacute;til para sellar, amortiguar y enmarcar. Se utiliza tambi&eacute;n como producto antideslizante. Especialmente recomendado para su uso en interiores y exteriores ya que soporta temperaturas extremas, desde -34&ordm;C hasta 93&ordm;C. Tambi&eacute;n es resistente a &aacute;cidos, alcalinos, sales, aceites, as&iacute; como a muchisimos agentes qu&iacute;micos.<\/p>\n<p style=\"text-align:justify\">No contiene silicona y una vez seca, se puede quitar facilmente.<\/p>\n<p style=\"text-align:justify\">Especialmente adherente a metales, madera, pl&aacute;sticos, vidrio, telas , lana, piedra, fibras de vidrio o de carbono, etc. Para aumentar su adherencia podemos usar el producto de imprimaci&oacute;n especialmente dise&ntilde;ado para la goma l&iacute;quida Plasti Dip.<br \/>\nModo de empleo:<\/p>\n<p style=\"text-align:justify\">La superf&iacute;cie a proteger debe estar seca, limpia, y libre de substancias que dificulten su adherencia. Antes de abrir el bote y aplicar el producto, agitar suavemente y abrir. Debemos dejarlo reposar unos minutos para evitar burbujas de aire.<\/p>\n<p style=\"text-align:justify\">Podemos aplicar la pintura PLASTI DIP utilizando un pincel o brocha, tambi&eacute;n podemos pulverizarla, y tambi&eacute;n podemos trabajar por inmersi&oacute;n sumergiendo la pieza dentro del bote de pintura.<\/p>\n<p style=\"text-align:justify\">Para pulverizarla, podemos utilizar el bote de Spray de pintura Plasti Dip, o bien el bote de pintur al&iacute;quida utiliz&aacute;ndo el disolvemte PLASTI DIP para dilu&iuml;r la pintura.<\/p>\n<p style=\"text-align:justify\">Para conseguir un buen acabado cuando pintamos por pulverizaci&oacute;n, tenemos que pintar a base de dar finas capas (de 4 a 6 capas de media), dejando un tiempo m&iacute;nimo de secado entre capa y capa, de unos 6-10 minutos.<\/p>\n<p style=\"text-align:justify\">En este caso de pulverizar, recomendamos la utilizaci&oacute;n de pistolas el&eacute;ctricas (o tambi&eacute;n denominadas de turbina).<\/p>\n<p style=\"text-align:justify\">Informaci&oacute;n t&eacute;cnica de la pintura PLASTI DIP:<\/p>\n<p style=\"text-align:justify\">&#8211; Estable a temperaturas entre -34&ordm;C y 93&ordm;C.<br \/>\n&#8211; Temperatura &oacute;ptima de aplicaci&oacute;n, alrededor de 20&ordm;C.<br \/>\n&#8211; Tiempo m&iacute;nimo de secado al contacto. 5 min. aprox.<br \/>\n&#8211; Tiempo de secado completo: 1 hora, dependiendo del grosor y del n&uacute;mero de capas aplicadas.<br \/>\n&#8211; El fabricante recomienda capas de 0.2mm de grosor, que requerir&aacute;n 150gr de producto por m2.<\/p>\n<p>\n<a href=\"https:\/\/www.plasti-dip.es\/vinilo-liquido\/descarga-hoja-de-seguridad-vinilo-liquido-plasti-dip-spray-efecto-rojo-metalico\/\">Descarga la hoja de seguridad<\/a><\/p>","protected":false},"excerpt":{"rendered":"<p>Plastidip Vinilo l\u00edquido Spray Efecto Rojo Met\u00e1lico<\/p>","protected":false},"featured_media":7829,"comment_status":"open","ping_status":"closed","template":"","meta":{"site-sidebar-layout":"default","site-content-layout":"","ast-site-content-layout":"default","site-content-style":"default","site-sidebar-style":"default","ast-global-header-display":"","ast-banner-title-visibility":"","ast-main-header-display":"","ast-hfb-above-header-display":"","ast-hfb-below-header-display":"","ast-hfb-mobile-header-display":"","site-post-title":"","ast-breadcrumbs-content":"","ast-featured-img":"","footer-sml-layout":"","ast-disable-related-posts":"","theme-transparent-header-meta":"","adv-header-id-meta":"","stick-header-meta":"","header-above-stick-meta":"","header-main-stick-meta":"","header-below-stick-meta":"","astra-migrate-meta-layouts":"default","ast-page-background-enabled":"default","ast-page-background-meta":{"desktop":{"background-color":"","background-image":"","background-repeat":"repeat","background-position":"center center","background-size":"auto","background-attachment":"scroll","background-type":"","background-media":"","overlay-type":"","overlay-color":"","overlay-opacity":"","overlay-gradient":""},"tablet":{"background-color":"","background-image":"","background-repeat":"repeat","background-position":"center center","background-size":"auto","background-attachment":"scroll","background-type":"","background-media":"","overlay-type":"","overlay-color":"","overlay-opacity":"","overlay-gradient":""},"mobile":{"background-color":"","background-image":"","background-repeat":"repeat","background-position":"center center","background-size":"auto","background-attachment":"scroll","background-type":"","background-media":"","overlay-type":"","overlay-color":"","overlay-opacity":"","overlay-gradient":""}},"ast-content-background-meta":{"desktop":{"background-color":"var(--ast-global-color-5)","background-image":"","background-repeat":"repeat","background-position":"center center","background-size":"auto","background-attachment":"scroll","background-type":"","background-media":"","overlay-type":"","overlay-color":"","overlay-opacity":"","overlay-gradient":""},"tablet":{"background-color":"var(--ast-global-color-5)","background-image":"","background-repeat":"repeat","background-position":"center center","background-size":"auto","background-attachment":"scroll","background-type":"","background-media":"","overlay-type":"","overlay-color":"","overlay-opacity":"","overlay-gradient":""},"mobile":{"background-color":"var(--ast-global-color-5)","background-image":"","background-repeat":"repeat","background-position":"center center","background-size":"auto","background-attachment":"scroll","background-type":"","background-media":"","overlay-type":"","overlay-color":"","overlay-opacity":"","overlay-gradient":""}},"_joinchat":[]},"product_brand":[],"product_cat":[94],"product_tag":[],"class_list":{"0":"post-7830","1":"product","2":"type-product","3":"status-publish","4":"has-post-thumbnail","6":"product_cat-400ml-plastidip-spray-efectos","7":"desktop-align-left","8":"tablet-align-left","9":"mobile-align-left","11":"first","12":"outofstock","13":"taxable","14":"shipping-taxable","15":"purchasable","16":"product-type-simple"},"yoast_head":"<!-- This site is optimized with the Yoast SEO plugin v27.2 - https:\/\/yoast.com\/product\/yoast-seo-wordpress\/ -->\n<title>Plastidip Vinilo l\u00edquido Spray Efecto Rojo Met\u00e1lico - Technical Racing Products<\/title>\n<meta name=\"robots\" content=\"index, follow, max-snippet:-1, max-image-preview:large, max-video-preview:-1\" \/>\n<link rel=\"canonical\" href=\"https:\/\/www.technicalrp.es\/it\/prodotto\/plastidip-vinilo-liquido-spray-efecto-rojo-metalico\/\" \/>\n<meta property=\"og:locale\" content=\"it_IT\" \/>\n<meta property=\"og:type\" content=\"article\" \/>\n<meta property=\"og:title\" content=\"Plastidip Vinilo l\u00edquido Spray Efecto Rojo Met\u00e1lico - Technical Racing Products\" \/>\n<meta property=\"og:description\" content=\"Plastidip Vinilo l\u00edquido Spray Efecto Rojo Met\u00e1lico\" \/>\n<meta property=\"og:url\" content=\"https:\/\/www.technicalrp.es\/it\/prodotto\/plastidip-vinilo-liquido-spray-efecto-rojo-metalico\/\" \/>\n<meta property=\"og:site_name\" content=\"Technical Racing Products\" \/>\n<meta property=\"article:modified_time\" content=\"2026-02-22T13:05:13+00:00\" \/>\n<meta property=\"og:image\" content=\"https:\/\/www.technicalrp.es\/wp-content\/uploads\/2020\/05\/075815112415.jpg\" \/>\n\t<meta property=\"og:image:width\" content=\"640\" \/>\n\t<meta property=\"og:image:height\" content=\"480\" \/>\n\t<meta property=\"og:image:type\" content=\"image\/jpeg\" \/>\n<meta name=\"twitter:card\" content=\"summary_large_image\" \/>\n<meta name=\"twitter:label1\" content=\"Tempo di lettura stimato\" \/>\n\t<meta name=\"twitter:data1\" content=\"3 minuti\" \/>\n<script type=\"application\/ld+json\" class=\"yoast-schema-graph\">{\"@context\":\"https:\/\/schema.org\",\"@graph\":[{\"@type\":\"WebPage\",\"@id\":\"https:\/\/www.technicalrp.es\/producto\/plastidip-vinilo-liquido-spray-efecto-rojo-metalico\/\",\"url\":\"https:\/\/www.technicalrp.es\/producto\/plastidip-vinilo-liquido-spray-efecto-rojo-metalico\/\",\"name\":\"Plastidip Vinilo l\u00edquido Spray Efecto Rojo Met\u00e1lico - Technical Racing Products\",\"isPartOf\":{\"@id\":\"https:\/\/www.technicalrp.es\/de\/#website\"},\"primaryImageOfPage\":{\"@id\":\"https:\/\/www.technicalrp.es\/producto\/plastidip-vinilo-liquido-spray-efecto-rojo-metalico\/#primaryimage\"},\"image\":{\"@id\":\"https:\/\/www.technicalrp.es\/producto\/plastidip-vinilo-liquido-spray-efecto-rojo-metalico\/#primaryimage\"},\"thumbnailUrl\":\"https:\/\/www.technicalrp.es\/wp-content\/uploads\/2020\/05\/075815112415.jpg\",\"datePublished\":\"2020-05-06T21:45:24+00:00\",\"dateModified\":\"2026-02-22T13:05:13+00:00\",\"breadcrumb\":{\"@id\":\"https:\/\/www.technicalrp.es\/producto\/plastidip-vinilo-liquido-spray-efecto-rojo-metalico\/#breadcrumb\"},\"inLanguage\":\"it-IT\",\"potentialAction\":[{\"@type\":\"ReadAction\",\"target\":[\"https:\/\/www.technicalrp.es\/producto\/plastidip-vinilo-liquido-spray-efecto-rojo-metalico\/\"]}]},{\"@type\":\"ImageObject\",\"inLanguage\":\"it-IT\",\"@id\":\"https:\/\/www.technicalrp.es\/producto\/plastidip-vinilo-liquido-spray-efecto-rojo-metalico\/#primaryimage\",\"url\":\"https:\/\/www.technicalrp.es\/wp-content\/uploads\/2020\/05\/075815112415.jpg\",\"contentUrl\":\"https:\/\/www.technicalrp.es\/wp-content\/uploads\/2020\/05\/075815112415.jpg\",\"width\":640,\"height\":480,\"caption\":\"Plastidip Vinilo l\u00edquido Spray Efecto Rojo Met\u00e1lico\"},{\"@type\":\"BreadcrumbList\",\"@id\":\"https:\/\/www.technicalrp.es\/producto\/plastidip-vinilo-liquido-spray-efecto-rojo-metalico\/#breadcrumb\",\"itemListElement\":[{\"@type\":\"ListItem\",\"position\":1,\"name\":\"Portada\",\"item\":\"https:\/\/www.technicalrp.es\/\"},{\"@type\":\"ListItem\",\"position\":2,\"name\":\"Tienda\",\"item\":\"https:\/\/www.technicalrp.es\/\"},{\"@type\":\"ListItem\",\"position\":3,\"name\":\"Plastidip Vinilo l\u00edquido Spray Efecto Rojo Met\u00e1lico\"}]},{\"@type\":\"WebSite\",\"@id\":\"https:\/\/www.technicalrp.es\/de\/#website\",\"url\":\"https:\/\/www.technicalrp.es\/de\/\",\"name\":\"Technical Racing Products\",\"description\":\"Los especialistas del MiniZ\",\"publisher\":{\"@id\":\"https:\/\/www.technicalrp.es\/de\/#organization\"},\"potentialAction\":[{\"@type\":\"SearchAction\",\"target\":{\"@type\":\"EntryPoint\",\"urlTemplate\":\"https:\/\/www.technicalrp.es\/de\/?s={search_term_string}\"},\"query-input\":{\"@type\":\"PropertyValueSpecification\",\"valueRequired\":true,\"valueName\":\"search_term_string\"}}],\"inLanguage\":\"it-IT\"},{\"@type\":\"Organization\",\"@id\":\"https:\/\/www.technicalrp.es\/de\/#organization\",\"name\":\"Technical Racing Products\",\"url\":\"https:\/\/www.technicalrp.es\/de\/\",\"logo\":{\"@type\":\"ImageObject\",\"inLanguage\":\"it-IT\",\"@id\":\"https:\/\/www.technicalrp.es\/de\/#\/schema\/logo\/image\/\",\"url\":\"https:\/\/www.technicalrp.es\/wp-content\/uploads\/2020\/01\/logo-trp.png\",\"contentUrl\":\"https:\/\/www.technicalrp.es\/wp-content\/uploads\/2020\/01\/logo-trp.png\",\"width\":640,\"height\":206,\"caption\":\"Technical Racing Products\"},\"image\":{\"@id\":\"https:\/\/www.technicalrp.es\/de\/#\/schema\/logo\/image\/\"}}]}<\/script>\n<!-- \/ Yoast SEO plugin. -->","yoast_head_json":{"title":"Plastidip Vinilo l\u00edquido Spray Efecto Rojo Met\u00e1lico - Technical Racing Products","robots":{"index":"index","follow":"follow","max-snippet":"max-snippet:-1","max-image-preview":"max-image-preview:large","max-video-preview":"max-video-preview:-1"},"canonical":"https:\/\/www.technicalrp.es\/it\/prodotto\/plastidip-vinilo-liquido-spray-efecto-rojo-metalico\/","og_locale":"it_IT","og_type":"article","og_title":"Plastidip Vinilo l\u00edquido Spray Efecto Rojo Met\u00e1lico - Technical Racing Products","og_description":"Plastidip Vinilo l\u00edquido Spray Efecto Rojo Met\u00e1lico","og_url":"https:\/\/www.technicalrp.es\/it\/prodotto\/plastidip-vinilo-liquido-spray-efecto-rojo-metalico\/","og_site_name":"Technical Racing Products","article_modified_time":"2026-02-22T13:05:13+00:00","og_image":[{"width":640,"height":480,"url":"https:\/\/www.technicalrp.es\/wp-content\/uploads\/2020\/05\/075815112415.jpg","type":"image\/jpeg"}],"twitter_card":"summary_large_image","twitter_misc":{"Tempo di lettura stimato":"3 minuti"},"schema":{"@context":"https:\/\/schema.org","@graph":[{"@type":"WebPage","@id":"https:\/\/www.technicalrp.es\/producto\/plastidip-vinilo-liquido-spray-efecto-rojo-metalico\/","url":"https:\/\/www.technicalrp.es\/producto\/plastidip-vinilo-liquido-spray-efecto-rojo-metalico\/","name":"Plastidip Vinilo l\u00edquido Spray Efecto Rojo Met\u00e1lico - Technical Racing Products","isPartOf":{"@id":"https:\/\/www.technicalrp.es\/de\/#website"},"primaryImageOfPage":{"@id":"https:\/\/www.technicalrp.es\/producto\/plastidip-vinilo-liquido-spray-efecto-rojo-metalico\/#primaryimage"},"image":{"@id":"https:\/\/www.technicalrp.es\/producto\/plastidip-vinilo-liquido-spray-efecto-rojo-metalico\/#primaryimage"},"thumbnailUrl":"https:\/\/www.technicalrp.es\/wp-content\/uploads\/2020\/05\/075815112415.jpg","datePublished":"2020-05-06T21:45:24+00:00","dateModified":"2026-02-22T13:05:13+00:00","breadcrumb":{"@id":"https:\/\/www.technicalrp.es\/producto\/plastidip-vinilo-liquido-spray-efecto-rojo-metalico\/#breadcrumb"},"inLanguage":"it-IT","potentialAction":[{"@type":"ReadAction","target":["https:\/\/www.technicalrp.es\/producto\/plastidip-vinilo-liquido-spray-efecto-rojo-metalico\/"]}]},{"@type":"ImageObject","inLanguage":"it-IT","@id":"https:\/\/www.technicalrp.es\/producto\/plastidip-vinilo-liquido-spray-efecto-rojo-metalico\/#primaryimage","url":"https:\/\/www.technicalrp.es\/wp-content\/uploads\/2020\/05\/075815112415.jpg","contentUrl":"https:\/\/www.technicalrp.es\/wp-content\/uploads\/2020\/05\/075815112415.jpg","width":640,"height":480,"caption":"Plastidip Vinilo l\u00edquido Spray Efecto Rojo Met\u00e1lico"},{"@type":"BreadcrumbList","@id":"https:\/\/www.technicalrp.es\/producto\/plastidip-vinilo-liquido-spray-efecto-rojo-metalico\/#breadcrumb","itemListElement":[{"@type":"ListItem","position":1,"name":"Portada","item":"https:\/\/www.technicalrp.es\/"},{"@type":"ListItem","position":2,"name":"Tienda","item":"https:\/\/www.technicalrp.es\/"},{"@type":"ListItem","position":3,"name":"Plastidip Vinilo l\u00edquido Spray Efecto Rojo Met\u00e1lico"}]},{"@type":"WebSite","@id":"https:\/\/www.technicalrp.es\/de\/#website","url":"https:\/\/www.technicalrp.es\/de\/","name":"Technical Racing Products","description":"Los especialistas del MiniZ","publisher":{"@id":"https:\/\/www.technicalrp.es\/de\/#organization"},"potentialAction":[{"@type":"SearchAction","target":{"@type":"EntryPoint","urlTemplate":"https:\/\/www.technicalrp.es\/de\/?s={search_term_string}"},"query-input":{"@type":"PropertyValueSpecification","valueRequired":true,"valueName":"search_term_string"}}],"inLanguage":"it-IT"},{"@type":"Organization","@id":"https:\/\/www.technicalrp.es\/de\/#organization","name":"Technical Racing Products","url":"https:\/\/www.technicalrp.es\/de\/","logo":{"@type":"ImageObject","inLanguage":"it-IT","@id":"https:\/\/www.technicalrp.es\/de\/#\/schema\/logo\/image\/","url":"https:\/\/www.technicalrp.es\/wp-content\/uploads\/2020\/01\/logo-trp.png","contentUrl":"https:\/\/www.technicalrp.es\/wp-content\/uploads\/2020\/01\/logo-trp.png","width":640,"height":206,"caption":"Technical Racing Products"},"image":{"@id":"https:\/\/www.technicalrp.es\/de\/#\/schema\/logo\/image\/"}}]}},"_links":{"self":[{"href":"https:\/\/www.technicalrp.es\/it\/wp-json\/wp\/v2\/product\/7830","targetHints":{"allow":["GET"]}}],"collection":[{"href":"https:\/\/www.technicalrp.es\/it\/wp-json\/wp\/v2\/product"}],"about":[{"href":"https:\/\/www.technicalrp.es\/it\/wp-json\/wp\/v2\/types\/product"}],"replies":[{"embeddable":true,"href":"https:\/\/www.technicalrp.es\/it\/wp-json\/wp\/v2\/comments?post=7830"}],"wp:featuredmedia":[{"embeddable":true,"href":"https:\/\/www.technicalrp.es\/it\/wp-json\/wp\/v2\/media\/7829"}],"wp:attachment":[{"href":"https:\/\/www.technicalrp.es\/it\/wp-json\/wp\/v2\/media?parent=7830"}],"wp:term":[{"taxonomy":"product_brand","embeddable":true,"href":"https:\/\/www.technicalrp.es\/it\/wp-json\/wp\/v2\/product_brand?post=7830"},{"taxonomy":"product_cat","embeddable":true,"href":"https:\/\/www.technicalrp.es\/it\/wp-json\/wp\/v2\/product_cat?post=7830"},{"taxonomy":"product_tag","embeddable":true,"href":"https:\/\/www.technicalrp.es\/it\/wp-json\/wp\/v2\/product_tag?post=7830"}],"curies":[{"name":"wp","href":"https:\/\/api.w.org\/{rel}","templated":true}]}}