{"id":7750,"date":"2020-05-06T22:42:27","date_gmt":"2020-05-06T21:42:27","guid":{"rendered":"https:\/\/miniz.es\/producto\/plastidip-vinilo-liquido-spray-efecto-verde-metalico\/"},"modified":"2026-04-27T03:17:56","modified_gmt":"2026-04-27T02:17:56","slug":"plastidip-vinilo-liquido-spray-efecto-verde-metalico","status":"publish","type":"product","link":"https:\/\/www.technicalrp.es\/pt\/produto\/plastidip-vinilo-liquido-spray-efecto-verde-metalico\/","title":{"rendered":"Plastidip Vinilo l\u00edquido Spray Efecto Verde Met\u00e1lico"},"content":{"rendered":"<p>Bote de pintura en Spray (400ml) de PLASTI DIP en color Efecto Verde Metal (formato USA).<\/p>\n<p>Los botes de Pintura Plasti Dip denoinados &quot;Efectos&quot;, tienen la misma composici&oacute;n y las mismas caracter&iacute;sticas que los colores b&aacute;sicos Plasti Dip, y est&aacute;n pensados para conseguir diferentes tonalidades al pulverizarlo sobre los colores b&aacute;sicos de Plasti Dip.<\/p>\n<p>Esta pintura se utiliza para recubrir objetos y protegerlos de las inclemencias del tiempo (agua), del los rayos UV, etc. Una vez seco permanece flexible y completamente inoloro.<\/p>\n<p>Es a prueba de agua.<\/p>\n<p>Las pinturas PLASTI DIP, una vez secas, se pueden quitar tirando de ellas, como si se tratara de una fina pel&iacute;cula adhesiva. No necesitamos lijar la pieza ni utilizar ning&uacute;n tipo de disolvente para el despintado.<\/p>\n<p>La goma l&iacute;quida PLASTI DIP forma una capa protectora, de caucho, muy &uacute;til para sellar, amortiguar y enmarcar. Se utiliza tambi&eacute;n como producto antideslizante. Especialmente recomendado para su uso en interiores y exteriores ya que soporta temperaturas extremas, desde -34&ordm;C hasta 93&ordm;C. Tambi&eacute;n es resistente a &aacute;cidos, alcalinos, sales, aceites, as&iacute; como a muchisimos agentes qu&iacute;micos.<\/p>\n<p>No contiene silicona y una vez seca, se puede quitar facilmente.<\/p>\n<p>Especialmente adherente a metales, madera, pl&aacute;sticos, vidrio, telas , lana, piedra, fibras de vidrio o de carbono, etc. Para aumentar su adherencia podemos usar el producto de imprimaci&oacute;n especialmente dise&ntilde;ado para la goma l&iacute;quida Plasti Dip.<br \/>\nModo de empleo:<\/p>\n<p>La superf&iacute;cie a proteger debe estar seca, limpia, y libre de substancias que dificulten su adherencia. Antes de abrir el bote y aplicar el producto, agitar suavemente y abrir. Debemos dejarlo reposar unos minutos para evitar burbujas de aire.<\/p>\n<p>Podemos aplicar la pintura PLASTI DIP utilizando un pincel o brocha, tambi&eacute;n podemos pulverizarla, y tambi&eacute;n podemos trabajar por inmersi&oacute;n sumergiendo la pieza dentro del bote de pintura.<\/p>\n<p>Para pulverizarla, podemos utilizar el bote de Spray de pintura Plasti Dip, o bien el bote de pintur al&iacute;quida utiliz&aacute;ndo el disolvemte PLASTI DIP para dilu&iuml;r la pintura.<\/p>\n<p>Para conseguir un buen acabado cuando pintamos por pulverizaci&oacute;n, tenemos que pintar a base de dar finas capas (de 4 a 6 capas de media), dejando un tiempo m&iacute;nimo de secado entre capa y capa, de unos 6-10 minutos.<\/p>\n<p>En este caso de pulverizar, recomendamos la utilizaci&oacute;n de pistolas el&eacute;ctricas (o tambi&eacute;n denominadas de turbina).<\/p>\n<p>Informaci&oacute;n t&eacute;cnica de la pintura PLASTI DIP:<\/p>\n<p>&#8211; Estable a temperaturas entre -34&ordm;C y 93&ordm;C.<br \/>\n&#8211; Temperatura &oacute;ptima de aplicaci&oacute;n, alrededor de 20&ordm;C.<br \/>\n&#8211; Tiempo m&iacute;nimo de secado al contacto. 5 min. aprox.<br \/>\n&#8211; Tiempo de secado completo: 1 hora, dependiendo del grosor y del n&uacute;mero de capas aplicadas.<br \/>\n&#8211; El fabricante recomienda capas de 0.2mm de grosor, que requerir&aacute;n 150gr de producto por m2.<\/p>\n<p>\n<a href=\"https:\/\/www.plasti-dip.es\/vinilo-liquido\/descarga-hoja-de-seguridad-vinilo-liquido-plasti-dip-spray-efecto-verde-metalico\/\">Descarga la hoja de seguridad<\/a><\/p>","protected":false},"excerpt":{"rendered":"<p>Plastidip Vinilo l\u00edquido Spray Efecto Verde Met\u00e1lico          <\/p>","protected":false},"featured_media":58293,"comment_status":"open","ping_status":"closed","template":"","meta":{"site-sidebar-layout":"default","site-content-layout":"","ast-site-content-layout":"default","site-content-style":"default","site-sidebar-style":"default","ast-global-header-display":"","ast-banner-title-visibility":"","ast-main-header-display":"","ast-hfb-above-header-display":"","ast-hfb-below-header-display":"","ast-hfb-mobile-header-display":"","site-post-title":"","ast-breadcrumbs-content":"","ast-featured-img":"","footer-sml-layout":"","ast-disable-related-posts":"","theme-transparent-header-meta":"","adv-header-id-meta":"","stick-header-meta":"","header-above-stick-meta":"","header-main-stick-meta":"","header-below-stick-meta":"","astra-migrate-meta-layouts":"default","ast-page-background-enabled":"default","ast-page-background-meta":{"desktop":{"background-color":"","background-image":"","background-repeat":"repeat","background-position":"center center","background-size":"auto","background-attachment":"scroll","background-type":"","background-media":"","overlay-type":"","overlay-color":"","overlay-opacity":"","overlay-gradient":""},"tablet":{"background-color":"","background-image":"","background-repeat":"repeat","background-position":"center center","background-size":"auto","background-attachment":"scroll","background-type":"","background-media":"","overlay-type":"","overlay-color":"","overlay-opacity":"","overlay-gradient":""},"mobile":{"background-color":"","background-image":"","background-repeat":"repeat","background-position":"center center","background-size":"auto","background-attachment":"scroll","background-type":"","background-media":"","overlay-type":"","overlay-color":"","overlay-opacity":"","overlay-gradient":""}},"ast-content-background-meta":{"desktop":{"background-color":"var(--ast-global-color-5)","background-image":"","background-repeat":"repeat","background-position":"center center","background-size":"auto","background-attachment":"scroll","background-type":"","background-media":"","overlay-type":"","overlay-color":"","overlay-opacity":"","overlay-gradient":""},"tablet":{"background-color":"var(--ast-global-color-5)","background-image":"","background-repeat":"repeat","background-position":"center center","background-size":"auto","background-attachment":"scroll","background-type":"","background-media":"","overlay-type":"","overlay-color":"","overlay-opacity":"","overlay-gradient":""},"mobile":{"background-color":"var(--ast-global-color-5)","background-image":"","background-repeat":"repeat","background-position":"center center","background-size":"auto","background-attachment":"scroll","background-type":"","background-media":"","overlay-type":"","overlay-color":"","overlay-opacity":"","overlay-gradient":""}},"_joinchat":[]},"product_brand":[],"product_cat":[94],"product_tag":[],"class_list":{"0":"post-7750","1":"product","2":"type-product","3":"status-publish","4":"has-post-thumbnail","6":"product_cat-400ml-plastidip-spray-efectos","7":"desktop-align-left","8":"tablet-align-left","9":"mobile-align-left","11":"first","12":"instock","13":"sale","14":"featured","15":"taxable","16":"shipping-taxable","17":"purchasable","18":"product-type-simple"},"yoast_head":"<!-- This site is optimized with the Yoast SEO plugin v27.4 - https:\/\/yoast.com\/product\/yoast-seo-wordpress\/ -->\n<title>Plastidip Vinilo l\u00edquido Spray Efecto Verde Met\u00e1lico - Technical Racing Products<\/title>\n<meta name=\"robots\" content=\"index, follow, max-snippet:-1, max-image-preview:large, max-video-preview:-1\" \/>\n<link rel=\"canonical\" href=\"https:\/\/www.technicalrp.es\/pt\/produto\/plastidip-vinilo-liquido-spray-efecto-verde-metalico\/\" \/>\n<meta property=\"og:locale\" content=\"pt_PT\" \/>\n<meta property=\"og:type\" content=\"article\" \/>\n<meta property=\"og:title\" content=\"Plastidip Vinilo l\u00edquido Spray Efecto Verde Met\u00e1lico - Technical Racing Products\" \/>\n<meta property=\"og:description\" content=\"Plastidip Vinilo l\u00edquido Spray Efecto Verde Met\u00e1lico\" \/>\n<meta property=\"og:url\" content=\"https:\/\/www.technicalrp.es\/pt\/produto\/plastidip-vinilo-liquido-spray-efecto-verde-metalico\/\" \/>\n<meta property=\"og:site_name\" content=\"Technical Racing Products\" \/>\n<meta property=\"article:modified_time\" content=\"2026-04-27T02:17:56+00:00\" \/>\n<meta property=\"og:image\" content=\"https:\/\/www.technicalrp.es\/wp-content\/uploads\/2026\/02\/075815112439.jpg\" \/>\n\t<meta property=\"og:image:width\" content=\"640\" \/>\n\t<meta property=\"og:image:height\" content=\"480\" \/>\n\t<meta property=\"og:image:type\" content=\"image\/jpeg\" \/>\n<meta name=\"twitter:card\" content=\"summary_large_image\" \/>\n<meta name=\"twitter:label1\" content=\"Tempo estimado de leitura\" \/>\n\t<meta name=\"twitter:data1\" content=\"3 minutos\" \/>\n<script type=\"application\/ld+json\" class=\"yoast-schema-graph\">{\"@context\":\"https:\\\/\\\/schema.org\",\"@graph\":[{\"@type\":\"WebPage\",\"@id\":\"https:\\\/\\\/www.technicalrp.es\\\/producto\\\/plastidip-vinilo-liquido-spray-efecto-verde-metalico\\\/\",\"url\":\"https:\\\/\\\/www.technicalrp.es\\\/producto\\\/plastidip-vinilo-liquido-spray-efecto-verde-metalico\\\/\",\"name\":\"Plastidip Vinilo l\u00edquido Spray Efecto Verde Met\u00e1lico - Technical Racing Products\",\"isPartOf\":{\"@id\":\"https:\\\/\\\/www.technicalrp.es\\\/de\\\/#website\"},\"primaryImageOfPage\":{\"@id\":\"https:\\\/\\\/www.technicalrp.es\\\/producto\\\/plastidip-vinilo-liquido-spray-efecto-verde-metalico\\\/#primaryimage\"},\"image\":{\"@id\":\"https:\\\/\\\/www.technicalrp.es\\\/producto\\\/plastidip-vinilo-liquido-spray-efecto-verde-metalico\\\/#primaryimage\"},\"thumbnailUrl\":\"https:\\\/\\\/www.technicalrp.es\\\/wp-content\\\/uploads\\\/2026\\\/02\\\/075815112439.jpg\",\"datePublished\":\"2020-05-06T21:42:27+00:00\",\"dateModified\":\"2026-04-27T02:17:56+00:00\",\"breadcrumb\":{\"@id\":\"https:\\\/\\\/www.technicalrp.es\\\/producto\\\/plastidip-vinilo-liquido-spray-efecto-verde-metalico\\\/#breadcrumb\"},\"inLanguage\":\"pt-PT\",\"potentialAction\":[{\"@type\":\"ReadAction\",\"target\":[\"https:\\\/\\\/www.technicalrp.es\\\/producto\\\/plastidip-vinilo-liquido-spray-efecto-verde-metalico\\\/\"]}]},{\"@type\":\"ImageObject\",\"inLanguage\":\"pt-PT\",\"@id\":\"https:\\\/\\\/www.technicalrp.es\\\/producto\\\/plastidip-vinilo-liquido-spray-efecto-verde-metalico\\\/#primaryimage\",\"url\":\"https:\\\/\\\/www.technicalrp.es\\\/wp-content\\\/uploads\\\/2026\\\/02\\\/075815112439.jpg\",\"contentUrl\":\"https:\\\/\\\/www.technicalrp.es\\\/wp-content\\\/uploads\\\/2026\\\/02\\\/075815112439.jpg\",\"width\":640,\"height\":480,\"caption\":\"Plastidip Vinilo l\u00edquido Spray Efecto Verde Met\u00e1lico\"},{\"@type\":\"BreadcrumbList\",\"@id\":\"https:\\\/\\\/www.technicalrp.es\\\/producto\\\/plastidip-vinilo-liquido-spray-efecto-verde-metalico\\\/#breadcrumb\",\"itemListElement\":[{\"@type\":\"ListItem\",\"position\":1,\"name\":\"Portada\",\"item\":\"https:\\\/\\\/www.technicalrp.es\\\/\"},{\"@type\":\"ListItem\",\"position\":2,\"name\":\"Tienda\",\"item\":\"https:\\\/\\\/www.technicalrp.es\\\/\"},{\"@type\":\"ListItem\",\"position\":3,\"name\":\"Plastidip Vinilo l\u00edquido Spray Efecto Verde Met\u00e1lico\"}]},{\"@type\":\"WebSite\",\"@id\":\"https:\\\/\\\/www.technicalrp.es\\\/de\\\/#website\",\"url\":\"https:\\\/\\\/www.technicalrp.es\\\/de\\\/\",\"name\":\"Technical Racing Products\",\"description\":\"Los especialistas del MiniZ\",\"publisher\":{\"@id\":\"https:\\\/\\\/www.technicalrp.es\\\/de\\\/#organization\"},\"potentialAction\":[{\"@type\":\"SearchAction\",\"target\":{\"@type\":\"EntryPoint\",\"urlTemplate\":\"https:\\\/\\\/www.technicalrp.es\\\/de\\\/?s={search_term_string}\"},\"query-input\":{\"@type\":\"PropertyValueSpecification\",\"valueRequired\":true,\"valueName\":\"search_term_string\"}}],\"inLanguage\":\"pt-PT\"},{\"@type\":\"Organization\",\"@id\":\"https:\\\/\\\/www.technicalrp.es\\\/de\\\/#organization\",\"name\":\"Technical Racing Products\",\"url\":\"https:\\\/\\\/www.technicalrp.es\\\/de\\\/\",\"logo\":{\"@type\":\"ImageObject\",\"inLanguage\":\"pt-PT\",\"@id\":\"https:\\\/\\\/www.technicalrp.es\\\/de\\\/#\\\/schema\\\/logo\\\/image\\\/\",\"url\":\"https:\\\/\\\/www.technicalrp.es\\\/wp-content\\\/uploads\\\/2020\\\/01\\\/logo-trp.png\",\"contentUrl\":\"https:\\\/\\\/www.technicalrp.es\\\/wp-content\\\/uploads\\\/2020\\\/01\\\/logo-trp.png\",\"width\":640,\"height\":206,\"caption\":\"Technical Racing Products\"},\"image\":{\"@id\":\"https:\\\/\\\/www.technicalrp.es\\\/de\\\/#\\\/schema\\\/logo\\\/image\\\/\"}}]}<\/script>\n<!-- \/ Yoast SEO plugin. -->","yoast_head_json":{"title":"Plastidip Vinilo l\u00edquido Spray Efecto Verde Met\u00e1lico - Technical Racing Products","robots":{"index":"index","follow":"follow","max-snippet":"max-snippet:-1","max-image-preview":"max-image-preview:large","max-video-preview":"max-video-preview:-1"},"canonical":"https:\/\/www.technicalrp.es\/pt\/produto\/plastidip-vinilo-liquido-spray-efecto-verde-metalico\/","og_locale":"pt_PT","og_type":"article","og_title":"Plastidip Vinilo l\u00edquido Spray Efecto Verde Met\u00e1lico - Technical Racing Products","og_description":"Plastidip Vinilo l\u00edquido Spray Efecto Verde Met\u00e1lico","og_url":"https:\/\/www.technicalrp.es\/pt\/produto\/plastidip-vinilo-liquido-spray-efecto-verde-metalico\/","og_site_name":"Technical Racing Products","article_modified_time":"2026-04-27T02:17:56+00:00","og_image":[{"width":640,"height":480,"url":"https:\/\/www.technicalrp.es\/wp-content\/uploads\/2026\/02\/075815112439.jpg","type":"image\/jpeg"}],"twitter_card":"summary_large_image","twitter_misc":{"Tempo estimado de leitura":"3 minutos"},"schema":{"@context":"https:\/\/schema.org","@graph":[{"@type":"WebPage","@id":"https:\/\/www.technicalrp.es\/producto\/plastidip-vinilo-liquido-spray-efecto-verde-metalico\/","url":"https:\/\/www.technicalrp.es\/producto\/plastidip-vinilo-liquido-spray-efecto-verde-metalico\/","name":"Plastidip Vinilo l\u00edquido Spray Efecto Verde Met\u00e1lico - Technical Racing Products","isPartOf":{"@id":"https:\/\/www.technicalrp.es\/de\/#website"},"primaryImageOfPage":{"@id":"https:\/\/www.technicalrp.es\/producto\/plastidip-vinilo-liquido-spray-efecto-verde-metalico\/#primaryimage"},"image":{"@id":"https:\/\/www.technicalrp.es\/producto\/plastidip-vinilo-liquido-spray-efecto-verde-metalico\/#primaryimage"},"thumbnailUrl":"https:\/\/www.technicalrp.es\/wp-content\/uploads\/2026\/02\/075815112439.jpg","datePublished":"2020-05-06T21:42:27+00:00","dateModified":"2026-04-27T02:17:56+00:00","breadcrumb":{"@id":"https:\/\/www.technicalrp.es\/producto\/plastidip-vinilo-liquido-spray-efecto-verde-metalico\/#breadcrumb"},"inLanguage":"pt-PT","potentialAction":[{"@type":"ReadAction","target":["https:\/\/www.technicalrp.es\/producto\/plastidip-vinilo-liquido-spray-efecto-verde-metalico\/"]}]},{"@type":"ImageObject","inLanguage":"pt-PT","@id":"https:\/\/www.technicalrp.es\/producto\/plastidip-vinilo-liquido-spray-efecto-verde-metalico\/#primaryimage","url":"https:\/\/www.technicalrp.es\/wp-content\/uploads\/2026\/02\/075815112439.jpg","contentUrl":"https:\/\/www.technicalrp.es\/wp-content\/uploads\/2026\/02\/075815112439.jpg","width":640,"height":480,"caption":"Plastidip Vinilo l\u00edquido Spray Efecto Verde Met\u00e1lico"},{"@type":"BreadcrumbList","@id":"https:\/\/www.technicalrp.es\/producto\/plastidip-vinilo-liquido-spray-efecto-verde-metalico\/#breadcrumb","itemListElement":[{"@type":"ListItem","position":1,"name":"Portada","item":"https:\/\/www.technicalrp.es\/"},{"@type":"ListItem","position":2,"name":"Tienda","item":"https:\/\/www.technicalrp.es\/"},{"@type":"ListItem","position":3,"name":"Plastidip Vinilo l\u00edquido Spray Efecto Verde Met\u00e1lico"}]},{"@type":"WebSite","@id":"https:\/\/www.technicalrp.es\/de\/#website","url":"https:\/\/www.technicalrp.es\/de\/","name":"Technical Racing Products","description":"Los especialistas del MiniZ","publisher":{"@id":"https:\/\/www.technicalrp.es\/de\/#organization"},"potentialAction":[{"@type":"SearchAction","target":{"@type":"EntryPoint","urlTemplate":"https:\/\/www.technicalrp.es\/de\/?s={search_term_string}"},"query-input":{"@type":"PropertyValueSpecification","valueRequired":true,"valueName":"search_term_string"}}],"inLanguage":"pt-PT"},{"@type":"Organization","@id":"https:\/\/www.technicalrp.es\/de\/#organization","name":"Technical Racing Products","url":"https:\/\/www.technicalrp.es\/de\/","logo":{"@type":"ImageObject","inLanguage":"pt-PT","@id":"https:\/\/www.technicalrp.es\/de\/#\/schema\/logo\/image\/","url":"https:\/\/www.technicalrp.es\/wp-content\/uploads\/2020\/01\/logo-trp.png","contentUrl":"https:\/\/www.technicalrp.es\/wp-content\/uploads\/2020\/01\/logo-trp.png","width":640,"height":206,"caption":"Technical Racing Products"},"image":{"@id":"https:\/\/www.technicalrp.es\/de\/#\/schema\/logo\/image\/"}}]}},"_links":{"self":[{"href":"https:\/\/www.technicalrp.es\/pt\/wp-json\/wp\/v2\/product\/7750","targetHints":{"allow":["GET"]}}],"collection":[{"href":"https:\/\/www.technicalrp.es\/pt\/wp-json\/wp\/v2\/product"}],"about":[{"href":"https:\/\/www.technicalrp.es\/pt\/wp-json\/wp\/v2\/types\/product"}],"replies":[{"embeddable":true,"href":"https:\/\/www.technicalrp.es\/pt\/wp-json\/wp\/v2\/comments?post=7750"}],"wp:featuredmedia":[{"embeddable":true,"href":"https:\/\/www.technicalrp.es\/pt\/wp-json\/wp\/v2\/media\/58293"}],"wp:attachment":[{"href":"https:\/\/www.technicalrp.es\/pt\/wp-json\/wp\/v2\/media?parent=7750"}],"wp:term":[{"taxonomy":"product_brand","embeddable":true,"href":"https:\/\/www.technicalrp.es\/pt\/wp-json\/wp\/v2\/product_brand?post=7750"},{"taxonomy":"product_cat","embeddable":true,"href":"https:\/\/www.technicalrp.es\/pt\/wp-json\/wp\/v2\/product_cat?post=7750"},{"taxonomy":"product_tag","embeddable":true,"href":"https:\/\/www.technicalrp.es\/pt\/wp-json\/wp\/v2\/product_tag?post=7750"}],"curies":[{"name":"wp","href":"https:\/\/api.w.org\/{rel}","templated":true}]}}